{"id":29421,"date":"2020-10-13T16:45:10","date_gmt":"2020-10-13T14:45:10","guid":{"rendered":"https:\/\/www.swissjerky.com\/product\/natural-swiss-alps-jerky\/"},"modified":"2024-10-01T20:08:14","modified_gmt":"2024-10-01T18:08:14","slug":"swiss-jerky-bio","status":"publish","type":"product","link":"https:\/\/swissjerky.com\/en\/product\/swiss-jerky-bio\/","title":{"rendered":"Swiss Jerky"},"content":{"rendered":"<p><strong>Caract\u00e9ristiques principales:<\/strong><\/p>\n<ul>\n<li><strong>Origine:<\/strong> Suisse<\/li>\n<li><strong>Ingr\u00e9dients:<\/strong> B\u0153uf \u00ab\u00a0Label Suisse Garantie\u00a0\u00bb, miel de Vionnaz (Suisse-Valais), Herbes BIO du Grand St. Bernard (Suisse-Valais), \u00e9pices, sel des Alpes (Suisse).<\/li>\n<li><strong>Proc\u00e9d\u00e9:<\/strong> Technique visant \u00e0 optimiser les qualit\u00e9s nutritionnelles des ingr\u00e9dients notamment les prot\u00e9ines et le fer.<\/li>\n<\/ul>\n<p>&nbsp;<\/p>\n<p><strong>Avantages:<\/strong><\/p>\n<ol>\n<li><strong>Riche en Prot\u00e9ines:<\/strong> Gr\u00e2ce \u00e0 notre choix m\u00e9ticuleux de b\u0153uf.<\/li>\n<li><strong>Bio:<\/strong> Herbes issues de l&#8217;agriculture biologique suisse pour une saveur authentique.<\/li>\n<li><strong>Nutritif:<\/strong> Une source essentielle de fer pour une alimentation \u00e9quilibr\u00e9e.<\/li>\n<li><strong>Authentique:<\/strong> Fabriqu\u00e9 en Suisse, en respectant les traditions locales.<\/li>\n<\/ol>\n<p>&nbsp;<\/p>\n<p>&nbsp;<\/p>\n","protected":false},"excerpt":{"rendered":"<p>The highest protein &#8220;Label Suisse Garantie&#8221; beef is selected.<br \/>\nIt is trimmed, cut very, very finely to remove as much fat as possible, seasoned and then moulded\/pressed into sticks.<\/p>\n<p>It is then dried at Vionnaz in the Alps, under controlled conditions of temperature and humidity.<\/p>\n<ul>\n<li><strong>Herbes du Grand St. Bernard organic herb flavour:<\/strong> Aromatic, herbaceous (Thyme, basil, savory, rosemary, lovage, sage, tarragon, marjoram)<\/li>\n<li><strong>Smoked:<\/strong> Seasoned with our smoked Alpine salt, delicate and fragrant woody flavour.<\/li>\n<li><strong>5-berry pepper<\/strong>: The round, fragrant flavour of pepper with a hint of spiciness<\/li>\n<\/ul>\n","protected":false},"featured_media":33270,"comment_status":"open","ping_status":"closed","template":"","meta":{"_uag_custom_page_level_css":"","site-sidebar-layout":"default","site-content-layout":"default","ast-site-content-layout":"default","site-content-style":"default","site-sidebar-style":"default","ast-global-header-display":"","ast-banner-title-visibility":"","ast-main-header-display":"","ast-hfb-above-header-display":"","ast-hfb-below-header-display":"","ast-hfb-mobile-header-display":"","site-post-title":"","ast-breadcrumbs-content":"","ast-featured-img":"","footer-sml-layout":"","ast-disable-related-posts":"","theme-transparent-header-meta":"default","adv-header-id-meta":"","stick-header-meta":"","header-above-stick-meta":"","header-main-stick-meta":"","header-below-stick-meta":"","astra-migrate-meta-layouts":"set","ast-page-background-enabled":"default","ast-page-background-meta":{"desktop":{"background-color":"var(--ast-global-color-4)","background-image":"","background-repeat":"repeat","background-position":"center center","background-size":"auto","background-attachment":"scroll","background-type":"","background-media":"","overlay-type":"","overlay-color":"","overlay-opacity":"","overlay-gradient":""},"tablet":{"background-color":"","background-image":"","background-repeat":"repeat","background-position":"center center","background-size":"auto","background-attachment":"scroll","background-type":"","background-media":"","overlay-type":"","overlay-color":"","overlay-opacity":"","overlay-gradient":""},"mobile":{"background-color":"","background-image":"","background-repeat":"repeat","background-position":"center center","background-size":"auto","background-attachment":"scroll","background-type":"","background-media":"","overlay-type":"","overlay-color":"","overlay-opacity":"","overlay-gradient":""}},"ast-content-background-meta":{"desktop":{"background-color":"var(--ast-global-color-5)","background-image":"","background-repeat":"repeat","background-position":"center center","background-size":"auto","background-attachment":"scroll","background-type":"","background-media":"","overlay-type":"","overlay-color":"","overlay-opacity":"","overlay-gradient":""},"tablet":{"background-color":"var(--ast-global-color-5)","background-image":"","background-repeat":"repeat","background-position":"center center","background-size":"auto","background-attachment":"scroll","background-type":"","background-media":"","overlay-type":"","overlay-color":"","overlay-opacity":"","overlay-gradient":""},"mobile":{"background-color":"var(--ast-global-color-5)","background-image":"","background-repeat":"repeat","background-position":"center center","background-size":"auto","background-attachment":"scroll","background-type":"","background-media":"","overlay-type":"","overlay-color":"","overlay-opacity":"","overlay-gradient":""}}},"product_brand":[],"product_cat":[98],"product_tag":[],"class_list":{"0":"post-29421","1":"product","2":"type-product","3":"status-publish","4":"has-post-thumbnail","6":"product_cat-jerky","7":"desktop-align-left","8":"tablet-align-left","9":"mobile-align-left","11":"first","12":"instock","13":"taxable","14":"shipping-taxable","15":"purchasable","16":"product-type-variable","17":"has-default-attributes"},"yoast_head":"<!-- This site is optimized with the Yoast SEO plugin v26.8 - https:\/\/yoast.com\/product\/yoast-seo-wordpress\/ -->\n<title>Swiss Jerky Organic Swiss Jerky | Organic Beef Jerky with Herbs<\/title>\n<meta name=\"description\" content=\"Beef Jerky Swiss Jerky enriched with organic herbs. Authentic, natural flavour with a Swiss touch. Discover a healthy and irresistible taste.\" \/>\n<meta name=\"robots\" content=\"index, follow, max-snippet:-1, max-image-preview:large, max-video-preview:-1\" \/>\n<link rel=\"canonical\" href=\"https:\/\/swissjerky.com\/en\/product\/swiss-jerky-bio\/\" \/>\n<meta property=\"og:locale\" content=\"en_US\" \/>\n<meta property=\"og:type\" content=\"article\" \/>\n<meta property=\"og:title\" content=\"Swiss Jerky Organic Swiss Jerky | Organic Beef Jerky with Herbs\" \/>\n<meta property=\"og:description\" content=\"Beef Jerky Swiss Jerky enriched with organic herbs. Authentic, natural flavour with a Swiss touch. Discover a healthy and irresistible taste.\" \/>\n<meta property=\"og:url\" content=\"https:\/\/swissjerky.com\/en\/product\/swiss-jerky-bio\/\" \/>\n<meta property=\"og:site_name\" content=\"Swiss Jerky\" \/>\n<meta property=\"article:publisher\" content=\"https:\/\/www.facebook.com\/agitateurdesaveurs\" \/>\n<meta property=\"article:modified_time\" content=\"2024-10-01T18:08:14+00:00\" \/>\n<meta property=\"og:image\" content=\"https:\/\/swissjerky.com\/wp-content\/uploads\/2024\/03\/sachet2-2024-1.png\" \/>\n\t<meta property=\"og:image:width\" content=\"1024\" \/>\n\t<meta property=\"og:image:height\" content=\"1024\" \/>\n\t<meta property=\"og:image:type\" content=\"image\/png\" \/>\n<meta name=\"twitter:card\" content=\"summary_large_image\" \/>\n<script type=\"application\/ld+json\" class=\"yoast-schema-graph\">{\"@context\":\"https:\/\/schema.org\",\"@graph\":[{\"@type\":\"WebPage\",\"@id\":\"https:\/\/swissjerky.com\/en\/product\/swiss-jerky-bio\/\",\"url\":\"https:\/\/swissjerky.com\/en\/product\/swiss-jerky-bio\/\",\"name\":\"Swiss Jerky Organic Swiss Jerky | Organic Beef Jerky with Herbs\",\"isPartOf\":{\"@id\":\"https:\/\/swissjerky.com\/en\/#website\"},\"primaryImageOfPage\":{\"@id\":\"https:\/\/swissjerky.com\/en\/product\/swiss-jerky-bio\/#primaryimage\"},\"image\":{\"@id\":\"https:\/\/swissjerky.com\/en\/product\/swiss-jerky-bio\/#primaryimage\"},\"thumbnailUrl\":\"https:\/\/swissjerky.com\/wp-content\/uploads\/2024\/03\/sachet2-2024-1.png\",\"datePublished\":\"2020-10-13T14:45:10+00:00\",\"dateModified\":\"2024-10-01T18:08:14+00:00\",\"description\":\"Beef Jerky Swiss Jerky enriched with organic herbs. Authentic, natural flavour with a Swiss touch. Discover a healthy and irresistible taste.\",\"breadcrumb\":{\"@id\":\"https:\/\/swissjerky.com\/en\/product\/swiss-jerky-bio\/#breadcrumb\"},\"inLanguage\":\"en-US\",\"potentialAction\":[{\"@type\":\"ReadAction\",\"target\":[\"https:\/\/swissjerky.com\/en\/product\/swiss-jerky-bio\/\"]}]},{\"@type\":\"ImageObject\",\"inLanguage\":\"en-US\",\"@id\":\"https:\/\/swissjerky.com\/en\/product\/swiss-jerky-bio\/#primaryimage\",\"url\":\"https:\/\/swissjerky.com\/wp-content\/uploads\/2024\/03\/sachet2-2024-1.png\",\"contentUrl\":\"https:\/\/swissjerky.com\/wp-content\/uploads\/2024\/03\/sachet2-2024-1.png\",\"width\":1024,\"height\":1024,\"caption\":\"Bag of beef jerky Swiss Jerky\"},{\"@type\":\"BreadcrumbList\",\"@id\":\"https:\/\/swissjerky.com\/en\/product\/swiss-jerky-bio\/#breadcrumb\",\"itemListElement\":[{\"@type\":\"ListItem\",\"position\":1,\"name\":\"Home\",\"item\":\"https:\/\/swissjerky.com\/en\/\"},{\"@type\":\"ListItem\",\"position\":2,\"name\":\"Shop\",\"item\":\"https:\/\/swissjerky.com\/en\/shop\/\"},{\"@type\":\"ListItem\",\"position\":3,\"name\":\"Swiss Jerky\"}]},{\"@type\":\"WebSite\",\"@id\":\"https:\/\/swissjerky.com\/en\/#website\",\"url\":\"https:\/\/swissjerky.com\/en\/\",\"name\":\"Swiss Jerky\",\"description\":\"Le plus sain de tous les beef jerky\",\"publisher\":{\"@id\":\"https:\/\/swissjerky.com\/en\/#organization\"},\"potentialAction\":[{\"@type\":\"SearchAction\",\"target\":{\"@type\":\"EntryPoint\",\"urlTemplate\":\"https:\/\/swissjerky.com\/en\/?s={search_term_string}\"},\"query-input\":{\"@type\":\"PropertyValueSpecification\",\"valueRequired\":true,\"valueName\":\"search_term_string\"}}],\"inLanguage\":\"en-US\"},{\"@type\":\"Organization\",\"@id\":\"https:\/\/swissjerky.com\/en\/#organization\",\"name\":\"Swiss Jerky\",\"url\":\"https:\/\/swissjerky.com\/en\/\",\"logo\":{\"@type\":\"ImageObject\",\"inLanguage\":\"en-US\",\"@id\":\"https:\/\/swissjerky.com\/en\/#\/schema\/logo\/image\/\",\"url\":\"https:\/\/swissjerky.com\/wp-content\/uploads\/2024\/03\/swiss-alps-jerky-300x91-1.png\",\"contentUrl\":\"https:\/\/swissjerky.com\/wp-content\/uploads\/2024\/03\/swiss-alps-jerky-300x91-1.png\",\"width\":300,\"height\":91,\"caption\":\"Swiss Jerky\"},\"image\":{\"@id\":\"https:\/\/swissjerky.com\/en\/#\/schema\/logo\/image\/\"},\"sameAs\":[\"https:\/\/www.facebook.com\/agitateurdesaveurs\"]}]}<\/script>\n<!-- \/ Yoast SEO plugin. -->","yoast_head_json":{"title":"Swiss Jerky Organic Swiss Jerky | Organic Beef Jerky with Herbs","description":"Beef Jerky Swiss Jerky enriched with organic herbs. Authentic, natural flavour with a Swiss touch. Discover a healthy and irresistible taste.","robots":{"index":"index","follow":"follow","max-snippet":"max-snippet:-1","max-image-preview":"max-image-preview:large","max-video-preview":"max-video-preview:-1"},"canonical":"https:\/\/swissjerky.com\/en\/product\/swiss-jerky-bio\/","og_locale":"en_US","og_type":"article","og_title":"Swiss Jerky Organic Swiss Jerky | Organic Beef Jerky with Herbs","og_description":"Beef Jerky Swiss Jerky enriched with organic herbs. Authentic, natural flavour with a Swiss touch. Discover a healthy and irresistible taste.","og_url":"https:\/\/swissjerky.com\/en\/product\/swiss-jerky-bio\/","og_site_name":"Swiss Jerky","article_publisher":"https:\/\/www.facebook.com\/agitateurdesaveurs","article_modified_time":"2024-10-01T18:08:14+00:00","og_image":[{"width":1024,"height":1024,"url":"https:\/\/swissjerky.com\/wp-content\/uploads\/2024\/03\/sachet2-2024-1.png","type":"image\/png"}],"twitter_card":"summary_large_image","schema":{"@context":"https:\/\/schema.org","@graph":[{"@type":"WebPage","@id":"https:\/\/swissjerky.com\/en\/product\/swiss-jerky-bio\/","url":"https:\/\/swissjerky.com\/en\/product\/swiss-jerky-bio\/","name":"Swiss Jerky Organic Swiss Jerky | Organic Beef Jerky with Herbs","isPartOf":{"@id":"https:\/\/swissjerky.com\/en\/#website"},"primaryImageOfPage":{"@id":"https:\/\/swissjerky.com\/en\/product\/swiss-jerky-bio\/#primaryimage"},"image":{"@id":"https:\/\/swissjerky.com\/en\/product\/swiss-jerky-bio\/#primaryimage"},"thumbnailUrl":"https:\/\/swissjerky.com\/wp-content\/uploads\/2024\/03\/sachet2-2024-1.png","datePublished":"2020-10-13T14:45:10+00:00","dateModified":"2024-10-01T18:08:14+00:00","description":"Beef Jerky Swiss Jerky enriched with organic herbs. Authentic, natural flavour with a Swiss touch. Discover a healthy and irresistible taste.","breadcrumb":{"@id":"https:\/\/swissjerky.com\/en\/product\/swiss-jerky-bio\/#breadcrumb"},"inLanguage":"en-US","potentialAction":[{"@type":"ReadAction","target":["https:\/\/swissjerky.com\/en\/product\/swiss-jerky-bio\/"]}]},{"@type":"ImageObject","inLanguage":"en-US","@id":"https:\/\/swissjerky.com\/en\/product\/swiss-jerky-bio\/#primaryimage","url":"https:\/\/swissjerky.com\/wp-content\/uploads\/2024\/03\/sachet2-2024-1.png","contentUrl":"https:\/\/swissjerky.com\/wp-content\/uploads\/2024\/03\/sachet2-2024-1.png","width":1024,"height":1024,"caption":"Bag of beef jerky Swiss Jerky"},{"@type":"BreadcrumbList","@id":"https:\/\/swissjerky.com\/en\/product\/swiss-jerky-bio\/#breadcrumb","itemListElement":[{"@type":"ListItem","position":1,"name":"Home","item":"https:\/\/swissjerky.com\/en\/"},{"@type":"ListItem","position":2,"name":"Shop","item":"https:\/\/swissjerky.com\/en\/shop\/"},{"@type":"ListItem","position":3,"name":"Swiss Jerky"}]},{"@type":"WebSite","@id":"https:\/\/swissjerky.com\/en\/#website","url":"https:\/\/swissjerky.com\/en\/","name":"Swiss Jerky","description":"Le plus sain de tous les beef jerky","publisher":{"@id":"https:\/\/swissjerky.com\/en\/#organization"},"potentialAction":[{"@type":"SearchAction","target":{"@type":"EntryPoint","urlTemplate":"https:\/\/swissjerky.com\/en\/?s={search_term_string}"},"query-input":{"@type":"PropertyValueSpecification","valueRequired":true,"valueName":"search_term_string"}}],"inLanguage":"en-US"},{"@type":"Organization","@id":"https:\/\/swissjerky.com\/en\/#organization","name":"Swiss Jerky","url":"https:\/\/swissjerky.com\/en\/","logo":{"@type":"ImageObject","inLanguage":"en-US","@id":"https:\/\/swissjerky.com\/en\/#\/schema\/logo\/image\/","url":"https:\/\/swissjerky.com\/wp-content\/uploads\/2024\/03\/swiss-alps-jerky-300x91-1.png","contentUrl":"https:\/\/swissjerky.com\/wp-content\/uploads\/2024\/03\/swiss-alps-jerky-300x91-1.png","width":300,"height":91,"caption":"Swiss Jerky"},"image":{"@id":"https:\/\/swissjerky.com\/en\/#\/schema\/logo\/image\/"},"sameAs":["https:\/\/www.facebook.com\/agitateurdesaveurs"]}]}},"uagb_featured_image_src":{"full":["https:\/\/swissjerky.com\/wp-content\/uploads\/2024\/03\/sachet2-2024-1.png",1024,1024,false],"thumbnail":["https:\/\/swissjerky.com\/wp-content\/uploads\/2024\/03\/sachet2-2024-1-150x150.png",150,150,true],"medium":["https:\/\/swissjerky.com\/wp-content\/uploads\/2024\/03\/sachet2-2024-1-300x300.png",300,300,true],"medium_large":["https:\/\/swissjerky.com\/wp-content\/uploads\/2024\/03\/sachet2-2024-1-768x768.png",768,768,true],"large":["https:\/\/swissjerky.com\/wp-content\/uploads\/2024\/03\/sachet2-2024-1.png",1024,1024,false],"1536x1536":["https:\/\/swissjerky.com\/wp-content\/uploads\/2024\/03\/sachet2-2024-1.png",1024,1024,false],"2048x2048":["https:\/\/swissjerky.com\/wp-content\/uploads\/2024\/03\/sachet2-2024-1.png",1024,1024,false],"woocommerce_thumbnail":["https:\/\/swissjerky.com\/wp-content\/uploads\/2024\/03\/sachet2-2024-1-300x300.png",300,300,true],"woocommerce_single":["https:\/\/swissjerky.com\/wp-content\/uploads\/2024\/03\/sachet2-2024-1-600x600.png",600,600,true],"woocommerce_gallery_thumbnail":["https:\/\/swissjerky.com\/wp-content\/uploads\/2024\/03\/sachet2-2024-1-100x100.png",100,100,true]},"uagb_author_info":{"display_name":"Audrey","author_link":"https:\/\/swissjerky.com\/en\/author\/"},"uagb_comment_info":0,"uagb_excerpt":"The highest protein \"Label Suisse Garantie\" beef is selected. It is trimmed, cut very, very finely to remove as much fat as possible, seasoned and then moulded\/pressed into sticks. It is then dried at Vionnaz in the Alps, under controlled conditions of temperature and humidity. Herbes du Grand St. Bernard organic herb flavour: Aromatic, herbaceous&hellip;","_links":{"self":[{"href":"https:\/\/swissjerky.com\/en\/wp-json\/wp\/v2\/product\/29421","targetHints":{"allow":["GET"]}}],"collection":[{"href":"https:\/\/swissjerky.com\/en\/wp-json\/wp\/v2\/product"}],"about":[{"href":"https:\/\/swissjerky.com\/en\/wp-json\/wp\/v2\/types\/product"}],"replies":[{"embeddable":true,"href":"https:\/\/swissjerky.com\/en\/wp-json\/wp\/v2\/comments?post=29421"}],"wp:featuredmedia":[{"embeddable":true,"href":"https:\/\/swissjerky.com\/en\/wp-json\/wp\/v2\/media\/33270"}],"wp:attachment":[{"href":"https:\/\/swissjerky.com\/en\/wp-json\/wp\/v2\/media?parent=29421"}],"wp:term":[{"taxonomy":"product_brand","embeddable":true,"href":"https:\/\/swissjerky.com\/en\/wp-json\/wp\/v2\/product_brand?post=29421"},{"taxonomy":"product_cat","embeddable":true,"href":"https:\/\/swissjerky.com\/en\/wp-json\/wp\/v2\/product_cat?post=29421"},{"taxonomy":"product_tag","embeddable":true,"href":"https:\/\/swissjerky.com\/en\/wp-json\/wp\/v2\/product_tag?post=29421"}],"curies":[{"name":"wp","href":"https:\/\/api.w.org\/{rel}","templated":true}]}}