{"id":29428,"date":"2020-10-13T16:45:10","date_gmt":"2020-10-13T14:45:10","guid":{"rendered":"https:\/\/www.swissjerky.com\/product\/natural-swiss-alps-jerky\/"},"modified":"2024-10-01T19:57:48","modified_gmt":"2024-10-01T17:57:48","slug":"natural-swiss-alps-jerky","status":"publish","type":"product","link":"https:\/\/swissjerky.com\/de\/produkt\/natural-swiss-alps-jerky\/","title":{"rendered":"Swiss Jerky"},"content":{"rendered":"<p><strong>Hauptmerkmale:<\/strong><\/p>\n<ul>\n<li><strong>Herkunft:<\/strong> Schweiz<\/li>\n<li><strong>Zutaten: <\/strong>Rindfleisch \u201eLabel Suisse Garantie\u201c, Honig aus Vionnaz (Schweiz-Wallis), BIO-Kr\u00e4uter aus dem Grand St. Bernard (Schweiz-Wallis), Gew\u00fcrze, Alpensalz (Schweiz).<\/li>\n<li><strong> Verfahren:<\/strong> Technik zur Optimierung der Ern\u00e4hrungsqualit\u00e4ten von Zutaten insbesondere von Proteinen und Eisen.<\/li>\n<\/ul>\n<p><strong>Vorteil:<\/strong><\/p>\n<ul>\n<li>Reich an Proteinen: Dank unserer sorgf\u00e4ltigen Auswahl an Rindfleisch.<\/li>\n<li>Bio: Kr\u00e4uter aus Schweizer Bio-Anbau f\u00fcr einen authentischen Geschmack.<\/li>\n<li>Nutritiv: Eine wichtige Eisenquelle f\u00fcr eine ausgewogene Ern\u00e4hrung.<\/li>\n<li>Authentisch: Hergestellt in der Schweiz, unter Ber\u00fccksichtigung der lokalen Traditionen.<\/li>\n<\/ul>\n","protected":false},"excerpt":{"rendered":"<p>Es wird das St\u00fcck Rindfleisch &#8222;Label Suisse Garantie&#8220; ausgew\u00e4hlt, das von Natur aus den h\u00f6chsten Proteingehalt aufweist.<br \/>\nEs wird pariert, sehr, sehr fein geschnitten, um es maximal zu entfetten, gew\u00fcrzt und dann geformt\/gepresst, um es in St\u00e4bchen zu formen.<\/p>\n<p>Anschlie\u00dfend werden die Stangen in Vionnaz in den Alpen unter kontrollierten Temperatur- und Feuchtigkeitsbedingungen getrocknet.<\/p>\n<p>&nbsp;<\/p>\n<ul>\n<li>Geschmack &#8222;BIO-Kr\u00e4uter aus dem Grand St. Bernard&#8220;: Aromatisch, krautig (Thymian, Basilikum, Bohnenkraut, Rosmarin, Liebst\u00f6ckel, Salbei, Estragon, Majoran).<\/li>\n<li><strong>Rauch:<\/strong> Gew\u00fcrzt mit unserem ger\u00e4ucherten Alpensalz, zarter und duftender Holzgeschmack.<\/li>\n<li><strong>5-Beeren-Pfeffer<\/strong>: Der runde, duftende Geschmack von Pfeffer mit einer leichten Sch\u00e4rfe.<\/li>\n<\/ul>\n","protected":false},"featured_media":33271,"comment_status":"open","ping_status":"closed","template":"","meta":{"_uag_custom_page_level_css":"","site-sidebar-layout":"default","site-content-layout":"default","ast-site-content-layout":"default","site-content-style":"default","site-sidebar-style":"default","ast-global-header-display":"","ast-banner-title-visibility":"","ast-main-header-display":"","ast-hfb-above-header-display":"","ast-hfb-below-header-display":"","ast-hfb-mobile-header-display":"","site-post-title":"","ast-breadcrumbs-content":"","ast-featured-img":"","footer-sml-layout":"","ast-disable-related-posts":"","theme-transparent-header-meta":"default","adv-header-id-meta":"","stick-header-meta":"","header-above-stick-meta":"","header-main-stick-meta":"","header-below-stick-meta":"","astra-migrate-meta-layouts":"set","ast-page-background-enabled":"default","ast-page-background-meta":{"desktop":{"background-color":"var(--ast-global-color-4)","background-image":"","background-repeat":"repeat","background-position":"center center","background-size":"auto","background-attachment":"scroll","background-type":"","background-media":"","overlay-type":"","overlay-color":"","overlay-opacity":"","overlay-gradient":""},"tablet":{"background-color":"","background-image":"","background-repeat":"repeat","background-position":"center center","background-size":"auto","background-attachment":"scroll","background-type":"","background-media":"","overlay-type":"","overlay-color":"","overlay-opacity":"","overlay-gradient":""},"mobile":{"background-color":"","background-image":"","background-repeat":"repeat","background-position":"center center","background-size":"auto","background-attachment":"scroll","background-type":"","background-media":"","overlay-type":"","overlay-color":"","overlay-opacity":"","overlay-gradient":""}},"ast-content-background-meta":{"desktop":{"background-color":"var(--ast-global-color-5)","background-image":"","background-repeat":"repeat","background-position":"center center","background-size":"auto","background-attachment":"scroll","background-type":"","background-media":"","overlay-type":"","overlay-color":"","overlay-opacity":"","overlay-gradient":""},"tablet":{"background-color":"var(--ast-global-color-5)","background-image":"","background-repeat":"repeat","background-position":"center center","background-size":"auto","background-attachment":"scroll","background-type":"","background-media":"","overlay-type":"","overlay-color":"","overlay-opacity":"","overlay-gradient":""},"mobile":{"background-color":"var(--ast-global-color-5)","background-image":"","background-repeat":"repeat","background-position":"center center","background-size":"auto","background-attachment":"scroll","background-type":"","background-media":"","overlay-type":"","overlay-color":"","overlay-opacity":"","overlay-gradient":""}}},"product_brand":[],"product_cat":[99],"product_tag":[],"class_list":{"0":"post-29428","1":"product","2":"type-product","3":"status-publish","4":"has-post-thumbnail","6":"product_cat-jerky-fleisch","7":"desktop-align-left","8":"tablet-align-left","9":"mobile-align-left","11":"first","12":"instock","13":"taxable","14":"shipping-taxable","15":"purchasable","16":"product-type-variable","17":"has-default-attributes"},"yoast_head":"<!-- This site is optimized with the Yoast SEO plugin v26.8 - https:\/\/yoast.com\/product\/yoast-seo-wordpress\/ -->\n<title>Swiss Jerky | Beef Jerky mit Kr\u00e4utern Bio I Schweiz I Wallis<\/title>\n<meta name=\"description\" content=\"Der Beef Jerky von Swiss Jerky, angereichert mit Bio-Kr\u00e4utern. Ein authentischer, nat\u00fcrlicher Geschmack mit einem Hauch von Schweiz. Entdecken Sie eine gesunde und unwiderstehliche Verkostung.\" \/>\n<meta name=\"robots\" content=\"index, follow, max-snippet:-1, max-image-preview:large, max-video-preview:-1\" \/>\n<link rel=\"canonical\" href=\"https:\/\/swissjerky.com\/de\/produkt\/natural-swiss-alps-jerky\/\" \/>\n<meta property=\"og:locale\" content=\"de_DE\" \/>\n<meta property=\"og:type\" content=\"article\" \/>\n<meta property=\"og:title\" content=\"Swiss Jerky | Beef Jerky mit Kr\u00e4utern Bio I Schweiz I Wallis\" \/>\n<meta property=\"og:description\" content=\"Der Beef Jerky von Swiss Jerky, angereichert mit Bio-Kr\u00e4utern. Ein authentischer, nat\u00fcrlicher Geschmack mit einem Hauch von Schweiz. Entdecken Sie eine gesunde und unwiderstehliche Verkostung.\" \/>\n<meta property=\"og:url\" content=\"https:\/\/swissjerky.com\/de\/produkt\/natural-swiss-alps-jerky\/\" \/>\n<meta property=\"og:site_name\" content=\"Swiss Jerky\" \/>\n<meta property=\"article:publisher\" content=\"https:\/\/www.facebook.com\/agitateurdesaveurs\" \/>\n<meta property=\"article:modified_time\" content=\"2024-10-01T17:57:48+00:00\" \/>\n<meta property=\"og:image\" content=\"https:\/\/swissjerky.com\/wp-content\/uploads\/2024\/03\/sachet2-2024-1.png\" \/>\n\t<meta property=\"og:image:width\" content=\"1024\" \/>\n\t<meta property=\"og:image:height\" content=\"1024\" \/>\n\t<meta property=\"og:image:type\" content=\"image\/png\" \/>\n<meta name=\"twitter:card\" content=\"summary_large_image\" \/>\n<script type=\"application\/ld+json\" class=\"yoast-schema-graph\">{\"@context\":\"https:\/\/schema.org\",\"@graph\":[{\"@type\":\"WebPage\",\"@id\":\"https:\/\/swissjerky.com\/de\/produkt\/natural-swiss-alps-jerky\/\",\"url\":\"https:\/\/swissjerky.com\/de\/produkt\/natural-swiss-alps-jerky\/\",\"name\":\"Swiss Jerky | Beef Jerky mit Kr\u00e4utern Bio I Schweiz I Wallis\",\"isPartOf\":{\"@id\":\"https:\/\/swissjerky.com\/de\/#website\"},\"primaryImageOfPage\":{\"@id\":\"https:\/\/swissjerky.com\/de\/produkt\/natural-swiss-alps-jerky\/#primaryimage\"},\"image\":{\"@id\":\"https:\/\/swissjerky.com\/de\/produkt\/natural-swiss-alps-jerky\/#primaryimage\"},\"thumbnailUrl\":\"https:\/\/swissjerky.com\/wp-content\/uploads\/2024\/03\/sachet2-2024-1.png\",\"datePublished\":\"2020-10-13T14:45:10+00:00\",\"dateModified\":\"2024-10-01T17:57:48+00:00\",\"description\":\"Der Beef Jerky von Swiss Jerky, angereichert mit Bio-Kr\u00e4utern. Ein authentischer, nat\u00fcrlicher Geschmack mit einem Hauch von Schweiz. Entdecken Sie eine gesunde und unwiderstehliche Verkostung.\",\"breadcrumb\":{\"@id\":\"https:\/\/swissjerky.com\/de\/produkt\/natural-swiss-alps-jerky\/#breadcrumb\"},\"inLanguage\":\"de\",\"potentialAction\":[{\"@type\":\"ReadAction\",\"target\":[\"https:\/\/swissjerky.com\/de\/produkt\/natural-swiss-alps-jerky\/\"]}]},{\"@type\":\"ImageObject\",\"inLanguage\":\"de\",\"@id\":\"https:\/\/swissjerky.com\/de\/produkt\/natural-swiss-alps-jerky\/#primaryimage\",\"url\":\"https:\/\/swissjerky.com\/wp-content\/uploads\/2024\/03\/sachet2-2024-1.png\",\"contentUrl\":\"https:\/\/swissjerky.com\/wp-content\/uploads\/2024\/03\/sachet2-2024-1.png\",\"width\":1024,\"height\":1024,\"caption\":\"Beutel beef jerky Swiss Jerky\"},{\"@type\":\"BreadcrumbList\",\"@id\":\"https:\/\/swissjerky.com\/de\/produkt\/natural-swiss-alps-jerky\/#breadcrumb\",\"itemListElement\":[{\"@type\":\"ListItem\",\"position\":1,\"name\":\"Home\",\"item\":\"https:\/\/swissjerky.com\/de\/\"},{\"@type\":\"ListItem\",\"position\":2,\"name\":\"Shop\",\"item\":\"https:\/\/swissjerky.com\/de\/shop\/\"},{\"@type\":\"ListItem\",\"position\":3,\"name\":\"Swiss Jerky\"}]},{\"@type\":\"WebSite\",\"@id\":\"https:\/\/swissjerky.com\/de\/#website\",\"url\":\"https:\/\/swissjerky.com\/de\/\",\"name\":\"Swiss Jerky\",\"description\":\"Le plus sain de tous les beef jerky\",\"publisher\":{\"@id\":\"https:\/\/swissjerky.com\/de\/#organization\"},\"potentialAction\":[{\"@type\":\"SearchAction\",\"target\":{\"@type\":\"EntryPoint\",\"urlTemplate\":\"https:\/\/swissjerky.com\/de\/?s={search_term_string}\"},\"query-input\":{\"@type\":\"PropertyValueSpecification\",\"valueRequired\":true,\"valueName\":\"search_term_string\"}}],\"inLanguage\":\"de\"},{\"@type\":\"Organization\",\"@id\":\"https:\/\/swissjerky.com\/de\/#organization\",\"name\":\"Swiss Jerky\",\"url\":\"https:\/\/swissjerky.com\/de\/\",\"logo\":{\"@type\":\"ImageObject\",\"inLanguage\":\"de\",\"@id\":\"https:\/\/swissjerky.com\/de\/#\/schema\/logo\/image\/\",\"url\":\"https:\/\/swissjerky.com\/wp-content\/uploads\/2024\/03\/swiss-alps-jerky-300x91-1.png\",\"contentUrl\":\"https:\/\/swissjerky.com\/wp-content\/uploads\/2024\/03\/swiss-alps-jerky-300x91-1.png\",\"width\":300,\"height\":91,\"caption\":\"Swiss Jerky\"},\"image\":{\"@id\":\"https:\/\/swissjerky.com\/de\/#\/schema\/logo\/image\/\"},\"sameAs\":[\"https:\/\/www.facebook.com\/agitateurdesaveurs\"]}]}<\/script>\n<!-- \/ Yoast SEO plugin. -->","yoast_head_json":{"title":"Swiss Jerky | Beef Jerky mit Kr\u00e4utern Bio I Schweiz I Wallis","description":"Der Beef Jerky von Swiss Jerky, angereichert mit Bio-Kr\u00e4utern. Ein authentischer, nat\u00fcrlicher Geschmack mit einem Hauch von Schweiz. Entdecken Sie eine gesunde und unwiderstehliche Verkostung.","robots":{"index":"index","follow":"follow","max-snippet":"max-snippet:-1","max-image-preview":"max-image-preview:large","max-video-preview":"max-video-preview:-1"},"canonical":"https:\/\/swissjerky.com\/de\/produkt\/natural-swiss-alps-jerky\/","og_locale":"de_DE","og_type":"article","og_title":"Swiss Jerky | Beef Jerky mit Kr\u00e4utern Bio I Schweiz I Wallis","og_description":"Der Beef Jerky von Swiss Jerky, angereichert mit Bio-Kr\u00e4utern. Ein authentischer, nat\u00fcrlicher Geschmack mit einem Hauch von Schweiz. Entdecken Sie eine gesunde und unwiderstehliche Verkostung.","og_url":"https:\/\/swissjerky.com\/de\/produkt\/natural-swiss-alps-jerky\/","og_site_name":"Swiss Jerky","article_publisher":"https:\/\/www.facebook.com\/agitateurdesaveurs","article_modified_time":"2024-10-01T17:57:48+00:00","og_image":[{"width":1024,"height":1024,"url":"https:\/\/swissjerky.com\/wp-content\/uploads\/2024\/03\/sachet2-2024-1.png","type":"image\/png"}],"twitter_card":"summary_large_image","schema":{"@context":"https:\/\/schema.org","@graph":[{"@type":"WebPage","@id":"https:\/\/swissjerky.com\/de\/produkt\/natural-swiss-alps-jerky\/","url":"https:\/\/swissjerky.com\/de\/produkt\/natural-swiss-alps-jerky\/","name":"Swiss Jerky | Beef Jerky mit Kr\u00e4utern Bio I Schweiz I Wallis","isPartOf":{"@id":"https:\/\/swissjerky.com\/de\/#website"},"primaryImageOfPage":{"@id":"https:\/\/swissjerky.com\/de\/produkt\/natural-swiss-alps-jerky\/#primaryimage"},"image":{"@id":"https:\/\/swissjerky.com\/de\/produkt\/natural-swiss-alps-jerky\/#primaryimage"},"thumbnailUrl":"https:\/\/swissjerky.com\/wp-content\/uploads\/2024\/03\/sachet2-2024-1.png","datePublished":"2020-10-13T14:45:10+00:00","dateModified":"2024-10-01T17:57:48+00:00","description":"Der Beef Jerky von Swiss Jerky, angereichert mit Bio-Kr\u00e4utern. Ein authentischer, nat\u00fcrlicher Geschmack mit einem Hauch von Schweiz. Entdecken Sie eine gesunde und unwiderstehliche Verkostung.","breadcrumb":{"@id":"https:\/\/swissjerky.com\/de\/produkt\/natural-swiss-alps-jerky\/#breadcrumb"},"inLanguage":"de","potentialAction":[{"@type":"ReadAction","target":["https:\/\/swissjerky.com\/de\/produkt\/natural-swiss-alps-jerky\/"]}]},{"@type":"ImageObject","inLanguage":"de","@id":"https:\/\/swissjerky.com\/de\/produkt\/natural-swiss-alps-jerky\/#primaryimage","url":"https:\/\/swissjerky.com\/wp-content\/uploads\/2024\/03\/sachet2-2024-1.png","contentUrl":"https:\/\/swissjerky.com\/wp-content\/uploads\/2024\/03\/sachet2-2024-1.png","width":1024,"height":1024,"caption":"Beutel beef jerky Swiss Jerky"},{"@type":"BreadcrumbList","@id":"https:\/\/swissjerky.com\/de\/produkt\/natural-swiss-alps-jerky\/#breadcrumb","itemListElement":[{"@type":"ListItem","position":1,"name":"Home","item":"https:\/\/swissjerky.com\/de\/"},{"@type":"ListItem","position":2,"name":"Shop","item":"https:\/\/swissjerky.com\/de\/shop\/"},{"@type":"ListItem","position":3,"name":"Swiss Jerky"}]},{"@type":"WebSite","@id":"https:\/\/swissjerky.com\/de\/#website","url":"https:\/\/swissjerky.com\/de\/","name":"Swiss Jerky","description":"Le plus sain de tous les beef jerky","publisher":{"@id":"https:\/\/swissjerky.com\/de\/#organization"},"potentialAction":[{"@type":"SearchAction","target":{"@type":"EntryPoint","urlTemplate":"https:\/\/swissjerky.com\/de\/?s={search_term_string}"},"query-input":{"@type":"PropertyValueSpecification","valueRequired":true,"valueName":"search_term_string"}}],"inLanguage":"de"},{"@type":"Organization","@id":"https:\/\/swissjerky.com\/de\/#organization","name":"Swiss Jerky","url":"https:\/\/swissjerky.com\/de\/","logo":{"@type":"ImageObject","inLanguage":"de","@id":"https:\/\/swissjerky.com\/de\/#\/schema\/logo\/image\/","url":"https:\/\/swissjerky.com\/wp-content\/uploads\/2024\/03\/swiss-alps-jerky-300x91-1.png","contentUrl":"https:\/\/swissjerky.com\/wp-content\/uploads\/2024\/03\/swiss-alps-jerky-300x91-1.png","width":300,"height":91,"caption":"Swiss Jerky"},"image":{"@id":"https:\/\/swissjerky.com\/de\/#\/schema\/logo\/image\/"},"sameAs":["https:\/\/www.facebook.com\/agitateurdesaveurs"]}]}},"uagb_featured_image_src":{"full":["https:\/\/swissjerky.com\/wp-content\/uploads\/2024\/03\/sachet2-2024-1.png",1024,1024,false],"thumbnail":["https:\/\/swissjerky.com\/wp-content\/uploads\/2024\/03\/sachet2-2024-1-150x150.png",150,150,true],"medium":["https:\/\/swissjerky.com\/wp-content\/uploads\/2024\/03\/sachet2-2024-1-300x300.png",300,300,true],"medium_large":["https:\/\/swissjerky.com\/wp-content\/uploads\/2024\/03\/sachet2-2024-1-768x768.png",768,768,true],"large":["https:\/\/swissjerky.com\/wp-content\/uploads\/2024\/03\/sachet2-2024-1.png",1024,1024,false],"1536x1536":["https:\/\/swissjerky.com\/wp-content\/uploads\/2024\/03\/sachet2-2024-1.png",1024,1024,false],"2048x2048":["https:\/\/swissjerky.com\/wp-content\/uploads\/2024\/03\/sachet2-2024-1.png",1024,1024,false],"woocommerce_thumbnail":["https:\/\/swissjerky.com\/wp-content\/uploads\/2024\/03\/sachet2-2024-1-300x300.png",300,300,true],"woocommerce_single":["https:\/\/swissjerky.com\/wp-content\/uploads\/2024\/03\/sachet2-2024-1-600x600.png",600,600,true],"woocommerce_gallery_thumbnail":["https:\/\/swissjerky.com\/wp-content\/uploads\/2024\/03\/sachet2-2024-1-100x100.png",100,100,true]},"uagb_author_info":{"display_name":"Audrey","author_link":"https:\/\/swissjerky.com\/de\/author\/"},"uagb_comment_info":0,"uagb_excerpt":"Es wird das St\u00fcck Rindfleisch \"Label Suisse Garantie\" ausgew\u00e4hlt, das von Natur aus den h\u00f6chsten Proteingehalt aufweist. Es wird pariert, sehr, sehr fein geschnitten, um es maximal zu entfetten, gew\u00fcrzt und dann geformt\/gepresst, um es in St\u00e4bchen zu formen. Anschlie\u00dfend werden die Stangen in Vionnaz in den Alpen unter kontrollierten Temperatur- und Feuchtigkeitsbedingungen getrocknet. &nbsp;&hellip;","_links":{"self":[{"href":"https:\/\/swissjerky.com\/de\/wp-json\/wp\/v2\/product\/29428","targetHints":{"allow":["GET"]}}],"collection":[{"href":"https:\/\/swissjerky.com\/de\/wp-json\/wp\/v2\/product"}],"about":[{"href":"https:\/\/swissjerky.com\/de\/wp-json\/wp\/v2\/types\/product"}],"replies":[{"embeddable":true,"href":"https:\/\/swissjerky.com\/de\/wp-json\/wp\/v2\/comments?post=29428"}],"wp:featuredmedia":[{"embeddable":true,"href":"https:\/\/swissjerky.com\/de\/wp-json\/wp\/v2\/media\/33271"}],"wp:attachment":[{"href":"https:\/\/swissjerky.com\/de\/wp-json\/wp\/v2\/media?parent=29428"}],"wp:term":[{"taxonomy":"product_brand","embeddable":true,"href":"https:\/\/swissjerky.com\/de\/wp-json\/wp\/v2\/product_brand?post=29428"},{"taxonomy":"product_cat","embeddable":true,"href":"https:\/\/swissjerky.com\/de\/wp-json\/wp\/v2\/product_cat?post=29428"},{"taxonomy":"product_tag","embeddable":true,"href":"https:\/\/swissjerky.com\/de\/wp-json\/wp\/v2\/product_tag?post=29428"}],"curies":[{"name":"wp","href":"https:\/\/api.w.org\/{rel}","templated":true}]}}