{"id":31630,"date":"2021-01-28T17:18:57","date_gmt":"2021-01-28T16:18:57","guid":{"rendered":"https:\/\/swissjerky.com\/?page_id=31630"},"modified":"2024-10-01T20:02:27","modified_gmt":"2024-10-01T18:02:27","slug":"naehrwerte-zutaten","status":"publish","type":"page","link":"https:\/\/swissjerky.com\/de\/naehrwerte-zutaten\/","title":{"rendered":"N\u00e4hrwerte &#8211; Zutaten"},"content":{"rendered":"\n<h4 class=\"wp-block-heading\">Zusammensetzung<\/h4>\n\n<p>Swiss Jerky \u201cOriginal\u201d: Schweizer Rindfleisch, Gew\u00fcrze, Alpensalz, BIO-Kr\u00e4uter aus dem Grand Saint Bernard, Schweizer Honig.<\/p>\n\n<p>Swiss Jerky &#8222;Rauchfleisch&#8220;: Schweizer Rindfleisch mit garantiertem Schweizer Label, Honig aus Vionnaz (Wallis), BIO-Kr\u00e4uter aus dem Grand Saint Bernard (Wallis), Alpensalz (Waadtland), Gew\u00fcrze.<\/p>\n\n<p>Swiss Jerky &#8222;5-Beeren-Pfeffer&#8220;: Schweizer Rindfleisch mit garantiertem Schweizer Label, Honig aus Vionnaz (Wallis), BIO-Kr\u00e4uter aus dem Grand Saint Bernard (Wallis), Alpensalz (Waadt), ausgew\u00e4hlte Pfeffer, Gew\u00fcrze.<\/p>\n\n<p>Spezifische Bezeichnung: Rindfleischprodukt f\u00fcr den Kaltverzehr.<\/p>\n\n<p>Wir arbeiten mit frischen Produkten. Daher gibt es nat\u00fcrliche Schwankungen bei den N\u00e4hrwerten. Die unten aufgef\u00fchrten Werte entsprechen dem Durchschnitt mehrerer Analysen, die in zugelassenen Labors (Eurofin und SQTS) durchgef\u00fchrt wurden.<\/p>\n\n<h4 class=\"wp-block-heading\">Durchschnittliche nat\u00fcrliche Werte pro 100 g Swiss Jerky :<\/h4>\n\n<p>kJ 1085 &#8211; Kcal 257<\/p>\n\n<p>Lipide : 6.85 g<\/p>\n\n<p>Davon ges\u00e4ttigte Fetts\u00e4uren : 2,95 g<\/p>\n\n<p>Kohlenhydrate gesamt : 2,4 g<\/p>\n\n<p>Davon Zucker : 2,15 g<\/p>\n\n<p>Ballaststoffe : <\/p>\n\n<p>Proteines : 45 g<\/p>\n\n<p>Salz : 3,3 g<\/p>\n\n<p><\/p>\n","protected":false},"excerpt":{"rendered":"<p>Zusammensetzung Swiss Jerky \u201cOriginal\u201d: Schweizer Rindfleisch, Gew\u00fcrze, Alpensalz, BIO-Kr\u00e4uter aus dem Grand Saint Bernard, Schweizer Honig. Swiss Jerky &#8222;Rauchfleisch&#8220;: Schweizer Rindfleisch mit garantiertem Schweizer Label, Honig aus Vionnaz (Wallis), BIO-Kr\u00e4uter aus dem Grand Saint Bernard (Wallis), Alpensalz (Waadtland), Gew\u00fcrze. Swiss Jerky &#8222;5-Beeren-Pfeffer&#8220;: Schweizer Rindfleisch mit garantiertem Schweizer Label, Honig aus Vionnaz (Wallis), BIO-Kr\u00e4uter aus dem [&hellip;]<\/p>\n","protected":false},"author":116,"featured_media":0,"parent":0,"menu_order":0,"comment_status":"closed","ping_status":"open","template":"","meta":{"_uag_custom_page_level_css":"","site-sidebar-layout":"no-sidebar","site-content-layout":"plain-container","ast-site-content-layout":"normal-width-container","site-content-style":"unboxed","site-sidebar-style":"unboxed","ast-global-header-display":"","ast-banner-title-visibility":"","ast-main-header-display":"","ast-hfb-above-header-display":"","ast-hfb-below-header-display":"","ast-hfb-mobile-header-display":"","site-post-title":"","ast-breadcrumbs-content":"","ast-featured-img":"disabled","footer-sml-layout":"","ast-disable-related-posts":"","theme-transparent-header-meta":"enabled","adv-header-id-meta":"","stick-header-meta":"","header-above-stick-meta":"","header-main-stick-meta":"","header-below-stick-meta":"","astra-migrate-meta-layouts":"default","ast-page-background-enabled":"default","ast-page-background-meta":{"desktop":{"background-color":"var(--ast-global-color-4)","background-image":"","background-repeat":"repeat","background-position":"center center","background-size":"auto","background-attachment":"scroll","background-type":"","background-media":"","overlay-type":"","overlay-color":"","overlay-opacity":"","overlay-gradient":""},"tablet":{"background-color":"","background-image":"","background-repeat":"repeat","background-position":"center center","background-size":"auto","background-attachment":"scroll","background-type":"","background-media":"","overlay-type":"","overlay-color":"","overlay-opacity":"","overlay-gradient":""},"mobile":{"background-color":"","background-image":"","background-repeat":"repeat","background-position":"center center","background-size":"auto","background-attachment":"scroll","background-type":"","background-media":"","overlay-type":"","overlay-color":"","overlay-opacity":"","overlay-gradient":""}},"ast-content-background-meta":{"desktop":{"background-color":"var(--ast-global-color-5)","background-image":"","background-repeat":"repeat","background-position":"center center","background-size":"auto","background-attachment":"scroll","background-type":"","background-media":"","overlay-type":"","overlay-color":"","overlay-opacity":"","overlay-gradient":""},"tablet":{"background-color":"var(--ast-global-color-5)","background-image":"","background-repeat":"repeat","background-position":"center center","background-size":"auto","background-attachment":"scroll","background-type":"","background-media":"","overlay-type":"","overlay-color":"","overlay-opacity":"","overlay-gradient":""},"mobile":{"background-color":"var(--ast-global-color-5)","background-image":"","background-repeat":"repeat","background-position":"center center","background-size":"auto","background-attachment":"scroll","background-type":"","background-media":"","overlay-type":"","overlay-color":"","overlay-opacity":"","overlay-gradient":""}},"footnotes":""},"class_list":["post-31630","page","type-page","status-publish","hentry"],"yoast_head":"<!-- This site is optimized with the Yoast SEO plugin v26.8 - https:\/\/yoast.com\/product\/yoast-seo-wordpress\/ -->\n<title>Nutrition Swiss Jerky | Detaillierte Zusammensetzung I Beef Jerky<\/title>\n<meta name=\"description\" content=\"Erkunden Sie die N\u00e4hrwerte unseres Beef Jerky. Swiss Jerky setzt sich f\u00fcr vollst\u00e4ndige Transparenz ein. Entdecken Sie jede Zutat, jeden Nutzen.\" \/>\n<meta name=\"robots\" content=\"index, follow, max-snippet:-1, max-image-preview:large, max-video-preview:-1\" \/>\n<link rel=\"canonical\" href=\"https:\/\/swissjerky.com\/de\/naehrwerte-zutaten\/\" \/>\n<meta property=\"og:locale\" content=\"de_DE\" \/>\n<meta property=\"og:type\" content=\"article\" \/>\n<meta property=\"og:title\" content=\"Nutrition Swiss Jerky | Detaillierte Zusammensetzung I Beef Jerky\" \/>\n<meta property=\"og:description\" content=\"Erkunden Sie die N\u00e4hrwerte unseres Beef Jerky. Swiss Jerky setzt sich f\u00fcr vollst\u00e4ndige Transparenz ein. Entdecken Sie jede Zutat, jeden Nutzen.\" \/>\n<meta property=\"og:url\" content=\"https:\/\/swissjerky.com\/de\/naehrwerte-zutaten\/\" \/>\n<meta property=\"og:site_name\" content=\"Swiss Jerky\" \/>\n<meta property=\"article:publisher\" content=\"https:\/\/www.facebook.com\/agitateurdesaveurs\" \/>\n<meta property=\"article:modified_time\" content=\"2024-10-01T18:02:27+00:00\" \/>\n<meta property=\"og:image\" content=\"https:\/\/swissjerky.com\/wp-content\/uploads\/2020\/11\/swissjerkyfront.jpg\" \/>\n\t<meta property=\"og:image:width\" content=\"616\" \/>\n\t<meta property=\"og:image:height\" content=\"778\" \/>\n\t<meta property=\"og:image:type\" content=\"image\/jpeg\" \/>\n<meta name=\"twitter:card\" content=\"summary_large_image\" \/>\n<meta name=\"twitter:label1\" content=\"Gesch\u00e4tzte Lesezeit\" \/>\n\t<meta name=\"twitter:data1\" content=\"1\u00a0Minute\" \/>\n<script type=\"application\/ld+json\" class=\"yoast-schema-graph\">{\"@context\":\"https:\/\/schema.org\",\"@graph\":[{\"@type\":\"WebPage\",\"@id\":\"https:\/\/swissjerky.com\/de\/naehrwerte-zutaten\/\",\"url\":\"https:\/\/swissjerky.com\/de\/naehrwerte-zutaten\/\",\"name\":\"Nutrition Swiss Jerky | Detaillierte Zusammensetzung I Beef Jerky\",\"isPartOf\":{\"@id\":\"https:\/\/swissjerky.com\/de\/#website\"},\"datePublished\":\"2021-01-28T16:18:57+00:00\",\"dateModified\":\"2024-10-01T18:02:27+00:00\",\"description\":\"Erkunden Sie die N\u00e4hrwerte unseres Beef Jerky. Swiss Jerky setzt sich f\u00fcr vollst\u00e4ndige Transparenz ein. Entdecken Sie jede Zutat, jeden Nutzen.\",\"breadcrumb\":{\"@id\":\"https:\/\/swissjerky.com\/de\/naehrwerte-zutaten\/#breadcrumb\"},\"inLanguage\":\"de\",\"potentialAction\":[{\"@type\":\"ReadAction\",\"target\":[\"https:\/\/swissjerky.com\/de\/naehrwerte-zutaten\/\"]}]},{\"@type\":\"BreadcrumbList\",\"@id\":\"https:\/\/swissjerky.com\/de\/naehrwerte-zutaten\/#breadcrumb\",\"itemListElement\":[{\"@type\":\"ListItem\",\"position\":1,\"name\":\"Home\",\"item\":\"https:\/\/swissjerky.com\/de\/\"},{\"@type\":\"ListItem\",\"position\":2,\"name\":\"N\u00e4hrwerte &#8211; Zutaten\"}]},{\"@type\":\"WebSite\",\"@id\":\"https:\/\/swissjerky.com\/de\/#website\",\"url\":\"https:\/\/swissjerky.com\/de\/\",\"name\":\"Swiss Jerky\",\"description\":\"Le plus sain de tous les beef jerky\",\"publisher\":{\"@id\":\"https:\/\/swissjerky.com\/de\/#organization\"},\"potentialAction\":[{\"@type\":\"SearchAction\",\"target\":{\"@type\":\"EntryPoint\",\"urlTemplate\":\"https:\/\/swissjerky.com\/de\/?s={search_term_string}\"},\"query-input\":{\"@type\":\"PropertyValueSpecification\",\"valueRequired\":true,\"valueName\":\"search_term_string\"}}],\"inLanguage\":\"de\"},{\"@type\":\"Organization\",\"@id\":\"https:\/\/swissjerky.com\/de\/#organization\",\"name\":\"Swiss Jerky\",\"url\":\"https:\/\/swissjerky.com\/de\/\",\"logo\":{\"@type\":\"ImageObject\",\"inLanguage\":\"de\",\"@id\":\"https:\/\/swissjerky.com\/de\/#\/schema\/logo\/image\/\",\"url\":\"https:\/\/swissjerky.com\/wp-content\/uploads\/2024\/03\/swiss-alps-jerky-300x91-1.png\",\"contentUrl\":\"https:\/\/swissjerky.com\/wp-content\/uploads\/2024\/03\/swiss-alps-jerky-300x91-1.png\",\"width\":300,\"height\":91,\"caption\":\"Swiss Jerky\"},\"image\":{\"@id\":\"https:\/\/swissjerky.com\/de\/#\/schema\/logo\/image\/\"},\"sameAs\":[\"https:\/\/www.facebook.com\/agitateurdesaveurs\"]}]}<\/script>\n<!-- \/ Yoast SEO plugin. -->","yoast_head_json":{"title":"Nutrition Swiss Jerky | Detaillierte Zusammensetzung I Beef Jerky","description":"Erkunden Sie die N\u00e4hrwerte unseres Beef Jerky. Swiss Jerky setzt sich f\u00fcr vollst\u00e4ndige Transparenz ein. Entdecken Sie jede Zutat, jeden Nutzen.","robots":{"index":"index","follow":"follow","max-snippet":"max-snippet:-1","max-image-preview":"max-image-preview:large","max-video-preview":"max-video-preview:-1"},"canonical":"https:\/\/swissjerky.com\/de\/naehrwerte-zutaten\/","og_locale":"de_DE","og_type":"article","og_title":"Nutrition Swiss Jerky | Detaillierte Zusammensetzung I Beef Jerky","og_description":"Erkunden Sie die N\u00e4hrwerte unseres Beef Jerky. Swiss Jerky setzt sich f\u00fcr vollst\u00e4ndige Transparenz ein. Entdecken Sie jede Zutat, jeden Nutzen.","og_url":"https:\/\/swissjerky.com\/de\/naehrwerte-zutaten\/","og_site_name":"Swiss Jerky","article_publisher":"https:\/\/www.facebook.com\/agitateurdesaveurs","article_modified_time":"2024-10-01T18:02:27+00:00","og_image":[{"width":616,"height":778,"url":"https:\/\/swissjerky.com\/wp-content\/uploads\/2020\/11\/swissjerkyfront.jpg","type":"image\/jpeg"}],"twitter_card":"summary_large_image","twitter_misc":{"Gesch\u00e4tzte Lesezeit":"1\u00a0Minute"},"schema":{"@context":"https:\/\/schema.org","@graph":[{"@type":"WebPage","@id":"https:\/\/swissjerky.com\/de\/naehrwerte-zutaten\/","url":"https:\/\/swissjerky.com\/de\/naehrwerte-zutaten\/","name":"Nutrition Swiss Jerky | Detaillierte Zusammensetzung I Beef Jerky","isPartOf":{"@id":"https:\/\/swissjerky.com\/de\/#website"},"datePublished":"2021-01-28T16:18:57+00:00","dateModified":"2024-10-01T18:02:27+00:00","description":"Erkunden Sie die N\u00e4hrwerte unseres Beef Jerky. Swiss Jerky setzt sich f\u00fcr vollst\u00e4ndige Transparenz ein. Entdecken Sie jede Zutat, jeden Nutzen.","breadcrumb":{"@id":"https:\/\/swissjerky.com\/de\/naehrwerte-zutaten\/#breadcrumb"},"inLanguage":"de","potentialAction":[{"@type":"ReadAction","target":["https:\/\/swissjerky.com\/de\/naehrwerte-zutaten\/"]}]},{"@type":"BreadcrumbList","@id":"https:\/\/swissjerky.com\/de\/naehrwerte-zutaten\/#breadcrumb","itemListElement":[{"@type":"ListItem","position":1,"name":"Home","item":"https:\/\/swissjerky.com\/de\/"},{"@type":"ListItem","position":2,"name":"N\u00e4hrwerte &#8211; Zutaten"}]},{"@type":"WebSite","@id":"https:\/\/swissjerky.com\/de\/#website","url":"https:\/\/swissjerky.com\/de\/","name":"Swiss Jerky","description":"Le plus sain de tous les beef jerky","publisher":{"@id":"https:\/\/swissjerky.com\/de\/#organization"},"potentialAction":[{"@type":"SearchAction","target":{"@type":"EntryPoint","urlTemplate":"https:\/\/swissjerky.com\/de\/?s={search_term_string}"},"query-input":{"@type":"PropertyValueSpecification","valueRequired":true,"valueName":"search_term_string"}}],"inLanguage":"de"},{"@type":"Organization","@id":"https:\/\/swissjerky.com\/de\/#organization","name":"Swiss Jerky","url":"https:\/\/swissjerky.com\/de\/","logo":{"@type":"ImageObject","inLanguage":"de","@id":"https:\/\/swissjerky.com\/de\/#\/schema\/logo\/image\/","url":"https:\/\/swissjerky.com\/wp-content\/uploads\/2024\/03\/swiss-alps-jerky-300x91-1.png","contentUrl":"https:\/\/swissjerky.com\/wp-content\/uploads\/2024\/03\/swiss-alps-jerky-300x91-1.png","width":300,"height":91,"caption":"Swiss Jerky"},"image":{"@id":"https:\/\/swissjerky.com\/de\/#\/schema\/logo\/image\/"},"sameAs":["https:\/\/www.facebook.com\/agitateurdesaveurs"]}]}},"uagb_featured_image_src":{"full":false,"thumbnail":false,"medium":false,"medium_large":false,"large":false,"1536x1536":false,"2048x2048":false,"woocommerce_thumbnail":false,"woocommerce_single":false,"woocommerce_gallery_thumbnail":false},"uagb_author_info":{"display_name":"Philippe Baratte","author_link":"https:\/\/swissjerky.com\/de\/author\/ph-baratte\/"},"uagb_comment_info":0,"uagb_excerpt":"Zusammensetzung Swiss Jerky \u201cOriginal\u201d: Schweizer Rindfleisch, Gew\u00fcrze, Alpensalz, BIO-Kr\u00e4uter aus dem Grand Saint Bernard, Schweizer Honig. Swiss Jerky &#8222;Rauchfleisch&#8220;: Schweizer Rindfleisch mit garantiertem Schweizer Label, Honig aus Vionnaz (Wallis), BIO-Kr\u00e4uter aus dem Grand Saint Bernard (Wallis), Alpensalz (Waadtland), Gew\u00fcrze. Swiss Jerky &#8222;5-Beeren-Pfeffer&#8220;: Schweizer Rindfleisch mit garantiertem Schweizer Label, Honig aus Vionnaz (Wallis), BIO-Kr\u00e4uter aus dem&hellip;","_links":{"self":[{"href":"https:\/\/swissjerky.com\/de\/wp-json\/wp\/v2\/pages\/31630","targetHints":{"allow":["GET"]}}],"collection":[{"href":"https:\/\/swissjerky.com\/de\/wp-json\/wp\/v2\/pages"}],"about":[{"href":"https:\/\/swissjerky.com\/de\/wp-json\/wp\/v2\/types\/page"}],"author":[{"embeddable":true,"href":"https:\/\/swissjerky.com\/de\/wp-json\/wp\/v2\/users\/116"}],"replies":[{"embeddable":true,"href":"https:\/\/swissjerky.com\/de\/wp-json\/wp\/v2\/comments?post=31630"}],"version-history":[{"count":5,"href":"https:\/\/swissjerky.com\/de\/wp-json\/wp\/v2\/pages\/31630\/revisions"}],"predecessor-version":[{"id":33705,"href":"https:\/\/swissjerky.com\/de\/wp-json\/wp\/v2\/pages\/31630\/revisions\/33705"}],"wp:attachment":[{"href":"https:\/\/swissjerky.com\/de\/wp-json\/wp\/v2\/media?parent=31630"}],"curies":[{"name":"wp","href":"https:\/\/api.w.org\/{rel}","templated":true}]}}