{"id":29452,"date":"2020-10-13T17:47:24","date_gmt":"2020-10-13T15:47:24","guid":{"rendered":"https:\/\/www.swissjerky.com\/cgv\/"},"modified":"2024-10-09T09:41:51","modified_gmt":"2024-10-09T07:41:51","slug":"cgv","status":"publish","type":"page","link":"https:\/\/swissjerky.com\/de\/cgv\/","title":{"rendered":"Allgemeine Verkaufsbedingungen"},"content":{"rendered":"\n<p>Alle Personenbezeichnungen in diesen Allgemeinen Gesch\u00e4ftsbedingungen beziehen sich sowohl auf M\u00e4nner als auch auf Frauen sowie auf Personengruppen.<\/p>\n\n<h3 class=\"wp-block-heading\">Inscription<\/h3>\n\n<p><strong>1.1 Bei der Anmeldung auf der Internetplattform www.swissjerky.com<\/strong>.<\/p>\n\n<p>a) Sie m\u00fcssen sicherstellen, dass die von Ihnen bereitgestellten Daten korrekt und vollst\u00e4ndig sind.<\/p>\n\n<p>b) Bitte informieren Sie swissjerky.com \u00fcber Adress\u00e4nderungen und andere \u00c4nderungen, indem Sie Ihre pers\u00f6nlichen Daten auf dieser Website so bald wie m\u00f6glich aktualisieren.<\/p>\n\n<p>c) Jede Person, die sich auf der Website registriert oder eine Bestellung t\u00e4tigt, erkl\u00e4rt, dass sie vollj\u00e4hrig und rechtsf\u00e4hig ist.<\/p>\n\n<p>d) Mit der Anmeldung stimmen Sie der Aufnahme in die Gruppe \u201eNewsletter\u201c zu, deren einziger Zweck die Zusendung von Informationen und Werbeangeboten ist, die sich auf swissjerky.com beziehen. Sie k\u00f6nnen den Newsletter abbestellen, sobald Sie ihn zum ersten Mal erhalten (\u00fcber den Abmeldelink am Ende der Seite), oder jederzeit, indem Sie dies an die E-Mail-Adresse contact@swissjerky.com melden.@swissjerky.com.<\/p>\n\n<p><strong>1.2\u00a0\u00a0\u00a0Password<br\/><\/strong>a) Sie m\u00fcssen bei der Registrierung ein Passwort w\u00e4hlen, um diese Website nutzen zu k\u00f6nnen. Dieses Passwort ist streng vertraulich und darf nicht an Dritte weitergegeben werden.<\/p>\n\n<p>b) Sie \u00fcbernehmen die volle Verantwortung f\u00fcr die Verwendung Ihres Passworts und f\u00fcr alle Bestellungen, die unter Verwendung dieses Passworts get\u00e4tigt werden, auch wenn Sie es nicht wissen.c) Wenn Sie wissen oder vermuten, dass ein Dritter Ihr Passwort kennt oder verwendet, m\u00fcssen Sie swissjerky.com unverz\u00fcglich dar\u00fcber informieren.<\/p>\n\n<h3 class=\"wp-block-heading\">Verkauf<\/h3>\n\n<p><strong>2.1 Allgemeine Gesch\u00e4ftsbedingungen<\/strong>.<\/p>\n\n<p>a) Alle Bestellungen, die f\u00fcr Produkte von swissjerky.com \u00fcber das Internet get\u00e4tigt werden, unterliegen diesen Allgemeinen Gesch\u00e4ftsbedingungen, die unter Ausschluss aller anderen Bedingungen gelten.<\/p>\n\n<p>b) Die Allgemeinen Gesch\u00e4ftsbedingungen werden Ihnen w\u00e4hrend des Best\u00e4tigungsprozesses jeder Bestellung mitgeteilt, wobei die Registrierung Ihrer Bestellung von deren Annahme abh\u00e4ngig ist. Durch die Aufgabe einer Bestellung best\u00e4tigen Sie, dass Sie die vorliegenden Allgemeinen Gesch\u00e4ftsbedingungen gelesen, verstanden und vorbehaltlos akzeptiert haben. Dar\u00fcber hinaus verkauft swissjerky.com nach Schweizer Recht keine Artikel an Personen unter 18 Jahren.<\/p>\n\n<p>c) Swissalpsjerky.com beh\u00e4lt sich das Recht vor, die vorliegenden Allgemeinen Gesch\u00e4ftsbedingungen jederzeit durch Ver\u00f6ffentlichung einer neuen Version auf dieser Website zu \u00e4ndern. Da die Registrierung Ihrer Bestellung von der Annahme der Allgemeinen Gesch\u00e4ftsbedingungen abh\u00e4ngt, gilt jede Bestellung, die nach der Ver\u00f6ffentlichung einer neuen Version der Allgemeinen Gesch\u00e4ftsbedingungen durch swissjerky.com aufgegeben wird, als Annahme dieser Allgemeinen Gesch\u00e4ftsbedingungen.<\/p>\n\n<p><strong>2.2 Bei einer Bestellung<\/strong><\/p>\n\n<p>a) Swissalpsjerky.com ist nicht an die Pr\u00e4sentation der Produkte auf seiner Website gebunden. Wenn Sie auf dieser Website eine Bestellung aufgeben, unterbreiten Sie uns ein Angebot, mit dem Sie sich einerseits zum Kauf der von Ihnen ausgew\u00e4hlten Produkte verpflichten und andererseits die allgemeinen Verkaufsbedingungen akzeptieren.<\/p>\n\n<p>b) Die Bestellungen, die Sie bei swissjerky.com auf dieser Website aufgeben, unterliegen Mindest- und H\u00f6chstmengenbeschr\u00e4nkungen. Swissalpsjerky.com bietet seine Produkte auf dieser Website zum Verkauf an, solange der Vorrat reicht.<\/p>\n\n<p>c) Die Mindestbestellmengen f\u00fcr jede Produktart sind auf dieser Seite festgelegt. In der Regel werden sie in der Produktbeschreibung angezeigt.<\/p>\n\n<p><strong> 2.3 Auftragsbest\u00e4tigung<\/strong>.<\/p>\n\n<p>a) Swissalpsjerky.com beh\u00e4lt sich das Recht vor, nach eigenem Ermessen eine Bestellung abzulehnen, insbesondere im Falle unbezahlter Rechnungen oder Insolvenz.<\/p>\n\n<p>b) Die von swissjerky.com gespeicherten Daten stellen einen unwiderlegbaren Beweis f\u00fcr die Bestellung oder die Transaktion dar.<\/p>\n\n<p>c) Die vom Zahlungssystem aufgezeichneten Daten stellen einen unwiderlegbaren Beweis f\u00fcr die finanziellen Transaktionen dar.<\/p>\n\n<p>d) Bestellungen k\u00f6nnen nur mit Zustimmung der Gesch\u00e4ftsleitung von swissjerky.com storniert oder ge\u00e4ndert werden, und zwar innerhalb der k\u00fcrzesten Frist nach Best\u00e4tigung der Bestellung.<\/p>\n\n<p><strong>2.4\u00a0\u00a0 Preis<\/strong><\/p>\n\n<p>a) Die zahlbaren Preise (ausgedr\u00fcckt in Schweizer Franken &#8211; CHF) f\u00fcr die von Ihnen bestellten Waren sind die Preise, die zum Zeitpunkt der Bestellung auf dieser Website angegeben sind.<\/p>\n\n<p>b) Swissalpsjerky.com beh\u00e4lt sich das Recht vor, seine Preise und Lieferkosten jederzeit zu \u00e4ndern.<\/p>\n\n<p>c) Die im Online-Shop angezeigten Preise enthalten die Mehrwertsteuer (\u00fcblicherweise 2,6% f\u00fcr Verbrauchsg\u00fcter sowie f\u00fcr Lieferungen an die Haust\u00fcr).<\/p>\n\n<p><strong>2.5 Zahlung<\/strong><\/p>\n\n<p>a) Die Zahlung per Kreditkarte ist sofort f\u00e4llig. Die Daten Ihrer Kreditkarte werden aus Sicherheitsgr\u00fcnden verschl\u00fcsselt.<\/p>\n\n<p>b) Wenn die Zahlung bei der Bestellung nicht \u00fcber die Website abgewickelt wurde, muss sie bei Erhalt der Ware in bar erfolgen.<\/p>\n\n<p>c) Bei versp\u00e4teter Zahlung werden Verzugszinsen auf den f\u00e4lligen Saldo erhoben und die entstandenen Verwaltungs- und Gerichtskosten in Rechnung gestellt.<\/p>\n\n<p>d) Swissalpsjerky.com beh\u00e4lt sich das Recht vor, eine Bestellung abzulehnen, wenn ein Streitfall mit einem Kunden vorliegt.<\/p>\n\n<p>e) Die Zahlungsmethoden k\u00f6nnen je nach Art des Produkts variieren. Wenn das Produkt ein festes Gewicht hat, sind alle Methoden g\u00fcltig. Wenn hingegen ein Produkt in Ihrem Warenkorb ein variables Gewicht hat, ist nur die Zahlungsmethode bei Erhalt des Produkts g\u00fcltig.<\/p>\n\n<h3 class=\"wp-block-heading\">Abholung und \u00dcberpr\u00fcfung<\/h3>\n\n<p><strong>3.1 \u00dcberpr\u00fcfung der Ware<\/strong>.<\/p>\n\n<p>a) Swiss Jerky wird per Post an die von Ihnen angegebene Adresse und gem\u00e4\u00df den auf der Website dargestellten Bedingungen versandt.<\/p>\n\n<p>b) Es liegt in der Verantwortung des Kunden, die Menge und die Konformit\u00e4t der Ware zu \u00fcberpr\u00fcfen.<\/p>\n\n<p>c) Nachdem der Kunde die Ware abgeholt hat, k\u00f6nnen Sie uns innerhalb von drei Tagen \u00fcber ein Problem mit der Ware informieren. Nach Ablauf dieser Frist \u00fcbernehmen wir die R\u00fcckerstattung oder den Ersatz der Ware nicht mehr.<\/p>\n\n<h3 class=\"wp-block-heading\">Andere Bedingungen<\/h3>\n\n<p><strong>4.1 Beschr\u00e4nkung der Haftung<\/strong><\/p>\n\n<p>a) Die Fotos und Texte, die die Produkte auf dieser Website illustrieren und beschreiben, sind unverbindlich und dienen nur zu Informationszwecken. Swissalpsjerky.com \u00fcbernimmt keine Verantwortung f\u00fcr Fehler oder Auslassungen in den Fotos oder Texten auf dieser Website.<\/p>\n\n<p>b) Vorbehaltlich des zwingenden Schweizer Rechts darf kein Schadensersatzanspruch in Bezug auf eine Lieferung, die unter diese Bedingungen f\u00e4llt, die H\u00f6he des Kaufpreises der Produkte \u00fcbersteigen, die den Anlass f\u00fcr den Schadensersatzanspruch bilden.<\/p>\n\n<p>c) In keinem Fall kann swissjerky.com f\u00fcr indirekte, zuf\u00e4llige oder Folgesch\u00e4den jeglicher Art haftbar gemacht werden, die im Zusammenhang mit seinen Produkten, deren Nutzung, Verkauf oder dieser Website entstehen.<\/p>\n\n<p><strong>4.2 Gr\u00f6\u00dfere Kr\u00e4fte<\/strong><\/p>\n\n<p>a) Swissalpsjerky.com wird sich nach besten Kr\u00e4ften bem\u00fchen, seine Verpflichtungen zu erf\u00fcllen, haftet jedoch nicht f\u00fcr Verz\u00f6gerungen oder Nichtlieferung, die sich aus Umst\u00e4nden ergeben, die au\u00dferhalb seiner Kontrolle liegen, wie Streiks, Kriege, Naturkatastrophen oder andere Umst\u00e4nde, die die Produktion, den Transport oder die Lieferung von Produkten verhindern.<\/p>\n\n<p>b) Im Falle einer Verz\u00f6gerung wird swissjerky.com seine Verpflichtungen so schnell wie m\u00f6glich erf\u00fcllen und beh\u00e4lt sich das Recht vor, die verbleibenden Produktbest\u00e4nde gerecht unter seinen Kunden zu verteilen.<\/p>\n\n<p><strong>4.3 Anwendbares Recht und Gerichtsstand<\/strong><\/p>\n\n<p>a) Diese Allgemeinen Gesch\u00e4ftsbedingungen unterliegen dem Schweizer Recht. \/strong&gt;.<\/p>\n\n<p>b) Die Parteien vereinbaren einen ausschliesslichen Gerichtsstand in Vionnaz, Wallis<\/p>\n\n<p><strong>4.4 Schutz personenbezogener Daten<\/strong>.<\/p>\n\n<p>a) Unabh\u00e4ngig von der Art der Sie betreffenden pers\u00f6nlichen Daten, von denen wir Kenntnis erlangen, sei es, dass wir berechtigt sind, sie gem\u00e4\u00df den vorliegenden Allgemeinen Gesch\u00e4ftsbedingungen von Ihnen anzufordern, sei es, dass wir sie automatisch sammeln, verpflichten wir uns, alles zu tun, um sie streng vertraulich zu behandeln, ihren Schutz zu gew\u00e4hrleisten und sie nur zur Ausf\u00fchrung Ihrer Anfragen oder zur Verbesserung der Ihnen m\u00f6glicherweise angebotenen Dienstleistungen zu verwenden.<\/p>\n\n<p><strong> 4.5 Buchungsfehler<\/strong><\/p>\n\n<p>a) Swissalpsjerky.com kann Transaktionen, die zu Unrecht verbucht wurden, r\u00fcckg\u00e4ngig machen.<\/p>\n","protected":false},"excerpt":{"rendered":"<p>Alle Personenbezeichnungen in diesen Allgemeinen Gesch\u00e4ftsbedingungen beziehen sich sowohl auf M\u00e4nner als auch auf Frauen sowie auf Personengruppen. Inscription 1.1 Bei der Anmeldung auf der Internetplattform www.swissjerky.com. a) Sie m\u00fcssen sicherstellen, dass die von Ihnen bereitgestellten Daten korrekt und vollst\u00e4ndig sind. b) Bitte informieren Sie swissjerky.com \u00fcber Adress\u00e4nderungen und andere \u00c4nderungen, indem Sie Ihre pers\u00f6nlichen [&hellip;]<\/p>\n","protected":false},"author":116,"featured_media":0,"parent":0,"menu_order":0,"comment_status":"closed","ping_status":"closed","template":"","meta":{"_uag_custom_page_level_css":"","site-sidebar-layout":"no-sidebar","site-content-layout":"plain-container","ast-site-content-layout":"normal-width-container","site-content-style":"unboxed","site-sidebar-style":"unboxed","ast-global-header-display":"","ast-banner-title-visibility":"","ast-main-header-display":"","ast-hfb-above-header-display":"","ast-hfb-below-header-display":"","ast-hfb-mobile-header-display":"","site-post-title":"","ast-breadcrumbs-content":"","ast-featured-img":"disabled","footer-sml-layout":"","ast-disable-related-posts":"","theme-transparent-header-meta":"default","adv-header-id-meta":"","stick-header-meta":"","header-above-stick-meta":"","header-main-stick-meta":"","header-below-stick-meta":"","astra-migrate-meta-layouts":"set","ast-page-background-enabled":"default","ast-page-background-meta":{"desktop":{"background-color":"var(--ast-global-color-4)","background-image":"","background-repeat":"repeat","background-position":"center center","background-size":"auto","background-attachment":"scroll","background-type":"","background-media":"","overlay-type":"","overlay-color":"","overlay-opacity":"","overlay-gradient":""},"tablet":{"background-color":"","background-image":"","background-repeat":"repeat","background-position":"center center","background-size":"auto","background-attachment":"scroll","background-type":"","background-media":"","overlay-type":"","overlay-color":"","overlay-opacity":"","overlay-gradient":""},"mobile":{"background-color":"","background-image":"","background-repeat":"repeat","background-position":"center center","background-size":"auto","background-attachment":"scroll","background-type":"","background-media":"","overlay-type":"","overlay-color":"","overlay-opacity":"","overlay-gradient":""}},"ast-content-background-meta":{"desktop":{"background-color":"var(--ast-global-color-5)","background-image":"","background-repeat":"repeat","background-position":"center center","background-size":"auto","background-attachment":"scroll","background-type":"","background-media":"","overlay-type":"","overlay-color":"","overlay-opacity":"","overlay-gradient":""},"tablet":{"background-color":"var(--ast-global-color-5)","background-image":"","background-repeat":"repeat","background-position":"center center","background-size":"auto","background-attachment":"scroll","background-type":"","background-media":"","overlay-type":"","overlay-color":"","overlay-opacity":"","overlay-gradient":""},"mobile":{"background-color":"var(--ast-global-color-5)","background-image":"","background-repeat":"repeat","background-position":"center center","background-size":"auto","background-attachment":"scroll","background-type":"","background-media":"","overlay-type":"","overlay-color":"","overlay-opacity":"","overlay-gradient":""}},"footnotes":""},"class_list":["post-29452","page","type-page","status-publish","hentry"],"yoast_head":"<!-- This site is optimized with the Yoast SEO plugin v26.8 - https:\/\/yoast.com\/product\/yoast-seo-wordpress\/ -->\n<title>Allgemeine Verkaufsbedingungen - Swiss Jerky<\/title>\n<meta name=\"description\" content=\"N\u00e4hrwertangaben und Zusammensetzung der drei Swiss Jerkys \u201eOriginal\u201c, \u201eHerbes BIO du Grand Saint Bernard\u201c und \u201eHot chili\u201c, die aus erstklassigem Schweizer Rindfleisch hergestellt werden.\" \/>\n<meta name=\"robots\" content=\"noindex, follow\" \/>\n<meta property=\"og:locale\" content=\"de_DE\" \/>\n<meta property=\"og:type\" content=\"article\" \/>\n<meta property=\"og:title\" content=\"Allgemeine Verkaufsbedingungen - Swiss Jerky\" \/>\n<meta property=\"og:description\" content=\"N\u00e4hrwertangaben und Zusammensetzung der drei Swiss Jerkys \u201eOriginal\u201c, \u201eHerbes BIO du Grand Saint Bernard\u201c und \u201eHot chili\u201c, die aus erstklassigem Schweizer Rindfleisch hergestellt werden.\" \/>\n<meta property=\"og:url\" content=\"https:\/\/swissjerky.com\/de\/cgv\/\" \/>\n<meta property=\"og:site_name\" content=\"Swiss Jerky\" \/>\n<meta property=\"article:publisher\" content=\"https:\/\/www.facebook.com\/agitateurdesaveurs\" \/>\n<meta property=\"article:modified_time\" content=\"2024-10-09T07:41:51+00:00\" \/>\n<meta property=\"og:image\" content=\"https:\/\/swissjerky.com\/wp-content\/uploads\/2020\/11\/swissjerkyfront.jpg\" \/>\n\t<meta property=\"og:image:width\" content=\"616\" \/>\n\t<meta property=\"og:image:height\" content=\"778\" \/>\n\t<meta property=\"og:image:type\" content=\"image\/jpeg\" \/>\n<meta name=\"twitter:card\" content=\"summary_large_image\" \/>\n<meta name=\"twitter:label1\" content=\"Gesch\u00e4tzte Lesezeit\" \/>\n\t<meta name=\"twitter:data1\" content=\"6\u00a0Minuten\" \/>\n<script type=\"application\/ld+json\" class=\"yoast-schema-graph\">{\"@context\":\"https:\/\/schema.org\",\"@graph\":[{\"@type\":\"WebPage\",\"@id\":\"https:\/\/swissjerky.com\/de\/cgv\/\",\"url\":\"https:\/\/swissjerky.com\/de\/cgv\/\",\"name\":\"Allgemeine Verkaufsbedingungen - Swiss Jerky\",\"isPartOf\":{\"@id\":\"https:\/\/swissjerky.com\/de\/#website\"},\"datePublished\":\"2020-10-13T15:47:24+00:00\",\"dateModified\":\"2024-10-09T07:41:51+00:00\",\"description\":\"N\u00e4hrwertangaben und Zusammensetzung der drei Swiss Jerkys \u201eOriginal\u201c, \u201eHerbes BIO du Grand Saint Bernard\u201c und \u201eHot chili\u201c, die aus erstklassigem Schweizer Rindfleisch hergestellt werden.\",\"breadcrumb\":{\"@id\":\"https:\/\/swissjerky.com\/de\/cgv\/#breadcrumb\"},\"inLanguage\":\"de\",\"potentialAction\":[{\"@type\":\"ReadAction\",\"target\":[\"https:\/\/swissjerky.com\/de\/cgv\/\"]}]},{\"@type\":\"BreadcrumbList\",\"@id\":\"https:\/\/swissjerky.com\/de\/cgv\/#breadcrumb\",\"itemListElement\":[{\"@type\":\"ListItem\",\"position\":1,\"name\":\"Home\",\"item\":\"https:\/\/swissjerky.com\/de\/\"},{\"@type\":\"ListItem\",\"position\":2,\"name\":\"Allgemeine Verkaufsbedingungen\"}]},{\"@type\":\"WebSite\",\"@id\":\"https:\/\/swissjerky.com\/de\/#website\",\"url\":\"https:\/\/swissjerky.com\/de\/\",\"name\":\"Swiss Jerky\",\"description\":\"Le plus sain de tous les beef jerky\",\"publisher\":{\"@id\":\"https:\/\/swissjerky.com\/de\/#organization\"},\"potentialAction\":[{\"@type\":\"SearchAction\",\"target\":{\"@type\":\"EntryPoint\",\"urlTemplate\":\"https:\/\/swissjerky.com\/de\/?s={search_term_string}\"},\"query-input\":{\"@type\":\"PropertyValueSpecification\",\"valueRequired\":true,\"valueName\":\"search_term_string\"}}],\"inLanguage\":\"de\"},{\"@type\":\"Organization\",\"@id\":\"https:\/\/swissjerky.com\/de\/#organization\",\"name\":\"Swiss Jerky\",\"url\":\"https:\/\/swissjerky.com\/de\/\",\"logo\":{\"@type\":\"ImageObject\",\"inLanguage\":\"de\",\"@id\":\"https:\/\/swissjerky.com\/de\/#\/schema\/logo\/image\/\",\"url\":\"https:\/\/swissjerky.com\/wp-content\/uploads\/2024\/03\/swiss-alps-jerky-300x91-1.png\",\"contentUrl\":\"https:\/\/swissjerky.com\/wp-content\/uploads\/2024\/03\/swiss-alps-jerky-300x91-1.png\",\"width\":300,\"height\":91,\"caption\":\"Swiss Jerky\"},\"image\":{\"@id\":\"https:\/\/swissjerky.com\/de\/#\/schema\/logo\/image\/\"},\"sameAs\":[\"https:\/\/www.facebook.com\/agitateurdesaveurs\"]}]}<\/script>\n<!-- \/ Yoast SEO plugin. -->","yoast_head_json":{"title":"Allgemeine Verkaufsbedingungen - Swiss Jerky","description":"N\u00e4hrwertangaben und Zusammensetzung der drei Swiss Jerkys \u201eOriginal\u201c, \u201eHerbes BIO du Grand Saint Bernard\u201c und \u201eHot chili\u201c, die aus erstklassigem Schweizer Rindfleisch hergestellt werden.","robots":{"index":"noindex","follow":"follow"},"og_locale":"de_DE","og_type":"article","og_title":"Allgemeine Verkaufsbedingungen - Swiss Jerky","og_description":"N\u00e4hrwertangaben und Zusammensetzung der drei Swiss Jerkys \u201eOriginal\u201c, \u201eHerbes BIO du Grand Saint Bernard\u201c und \u201eHot chili\u201c, die aus erstklassigem Schweizer Rindfleisch hergestellt werden.","og_url":"https:\/\/swissjerky.com\/de\/cgv\/","og_site_name":"Swiss Jerky","article_publisher":"https:\/\/www.facebook.com\/agitateurdesaveurs","article_modified_time":"2024-10-09T07:41:51+00:00","og_image":[{"width":616,"height":778,"url":"https:\/\/swissjerky.com\/wp-content\/uploads\/2020\/11\/swissjerkyfront.jpg","type":"image\/jpeg"}],"twitter_card":"summary_large_image","twitter_misc":{"Gesch\u00e4tzte Lesezeit":"6\u00a0Minuten"},"schema":{"@context":"https:\/\/schema.org","@graph":[{"@type":"WebPage","@id":"https:\/\/swissjerky.com\/de\/cgv\/","url":"https:\/\/swissjerky.com\/de\/cgv\/","name":"Allgemeine Verkaufsbedingungen - Swiss Jerky","isPartOf":{"@id":"https:\/\/swissjerky.com\/de\/#website"},"datePublished":"2020-10-13T15:47:24+00:00","dateModified":"2024-10-09T07:41:51+00:00","description":"N\u00e4hrwertangaben und Zusammensetzung der drei Swiss Jerkys \u201eOriginal\u201c, \u201eHerbes BIO du Grand Saint Bernard\u201c und \u201eHot chili\u201c, die aus erstklassigem Schweizer Rindfleisch hergestellt werden.","breadcrumb":{"@id":"https:\/\/swissjerky.com\/de\/cgv\/#breadcrumb"},"inLanguage":"de","potentialAction":[{"@type":"ReadAction","target":["https:\/\/swissjerky.com\/de\/cgv\/"]}]},{"@type":"BreadcrumbList","@id":"https:\/\/swissjerky.com\/de\/cgv\/#breadcrumb","itemListElement":[{"@type":"ListItem","position":1,"name":"Home","item":"https:\/\/swissjerky.com\/de\/"},{"@type":"ListItem","position":2,"name":"Allgemeine Verkaufsbedingungen"}]},{"@type":"WebSite","@id":"https:\/\/swissjerky.com\/de\/#website","url":"https:\/\/swissjerky.com\/de\/","name":"Swiss Jerky","description":"Le plus sain de tous les beef jerky","publisher":{"@id":"https:\/\/swissjerky.com\/de\/#organization"},"potentialAction":[{"@type":"SearchAction","target":{"@type":"EntryPoint","urlTemplate":"https:\/\/swissjerky.com\/de\/?s={search_term_string}"},"query-input":{"@type":"PropertyValueSpecification","valueRequired":true,"valueName":"search_term_string"}}],"inLanguage":"de"},{"@type":"Organization","@id":"https:\/\/swissjerky.com\/de\/#organization","name":"Swiss Jerky","url":"https:\/\/swissjerky.com\/de\/","logo":{"@type":"ImageObject","inLanguage":"de","@id":"https:\/\/swissjerky.com\/de\/#\/schema\/logo\/image\/","url":"https:\/\/swissjerky.com\/wp-content\/uploads\/2024\/03\/swiss-alps-jerky-300x91-1.png","contentUrl":"https:\/\/swissjerky.com\/wp-content\/uploads\/2024\/03\/swiss-alps-jerky-300x91-1.png","width":300,"height":91,"caption":"Swiss Jerky"},"image":{"@id":"https:\/\/swissjerky.com\/de\/#\/schema\/logo\/image\/"},"sameAs":["https:\/\/www.facebook.com\/agitateurdesaveurs"]}]}},"uagb_featured_image_src":{"full":false,"thumbnail":false,"medium":false,"medium_large":false,"large":false,"1536x1536":false,"2048x2048":false,"woocommerce_thumbnail":false,"woocommerce_single":false,"woocommerce_gallery_thumbnail":false},"uagb_author_info":{"display_name":"Philippe Baratte","author_link":"https:\/\/swissjerky.com\/de\/author\/ph-baratte\/"},"uagb_comment_info":0,"uagb_excerpt":"Alle Personenbezeichnungen in diesen Allgemeinen Gesch\u00e4ftsbedingungen beziehen sich sowohl auf M\u00e4nner als auch auf Frauen sowie auf Personengruppen. Inscription 1.1 Bei der Anmeldung auf der Internetplattform www.swissjerky.com. a) Sie m\u00fcssen sicherstellen, dass die von Ihnen bereitgestellten Daten korrekt und vollst\u00e4ndig sind. b) Bitte informieren Sie swissjerky.com \u00fcber Adress\u00e4nderungen und andere \u00c4nderungen, indem Sie Ihre pers\u00f6nlichen&hellip;","_links":{"self":[{"href":"https:\/\/swissjerky.com\/de\/wp-json\/wp\/v2\/pages\/29452","targetHints":{"allow":["GET"]}}],"collection":[{"href":"https:\/\/swissjerky.com\/de\/wp-json\/wp\/v2\/pages"}],"about":[{"href":"https:\/\/swissjerky.com\/de\/wp-json\/wp\/v2\/types\/page"}],"author":[{"embeddable":true,"href":"https:\/\/swissjerky.com\/de\/wp-json\/wp\/v2\/users\/116"}],"replies":[{"embeddable":true,"href":"https:\/\/swissjerky.com\/de\/wp-json\/wp\/v2\/comments?post=29452"}],"version-history":[{"count":5,"href":"https:\/\/swissjerky.com\/de\/wp-json\/wp\/v2\/pages\/29452\/revisions"}],"predecessor-version":[{"id":33727,"href":"https:\/\/swissjerky.com\/de\/wp-json\/wp\/v2\/pages\/29452\/revisions\/33727"}],"wp:attachment":[{"href":"https:\/\/swissjerky.com\/de\/wp-json\/wp\/v2\/media?parent=29452"}],"curies":[{"name":"wp","href":"https:\/\/api.w.org\/{rel}","templated":true}]}}