{"id":29216,"date":"2020-10-26T08:43:02","date_gmt":"2020-10-26T07:43:02","guid":{"rendered":"https:\/\/www.swissjerky.com\/une-histoire-de-famille-et-de-passions\/"},"modified":"2024-06-12T21:47:14","modified_gmt":"2024-06-12T19:47:14","slug":"une-histoire-de-famille-et-de-passions","status":"publish","type":"page","link":"https:\/\/swissjerky.com\/de\/une-histoire-de-famille-et-de-passions\/","title":{"rendered":"Eine Geschichte von Familie und von Leidenschaften"},"content":{"rendered":"\n<p>Ich stamme aus einer seit 1910 etablierten Familie von Fachleuten aus der Gastronomie und der Wurstherstellung.<\/p>\n\n<p>Nach einer Weltreise auf den Meeren als Koch lie\u00df ich mich aufgrund meiner Leidenschaft f\u00fcr die Berge in den Schweizer Alpen nieder. Ich habe in <a href=\"https:\/\/fr.wikipedia.org\/wiki\/Champex-Lac\" target=\"_blank\" rel=\"noreferrer noopener\">Champex-Lac<\/a> eine Fabrik f\u00fcr Trockenprodukte und ein Hotel er\u00f6ffnet -Restaurant.<\/p>\n\n<p>Als leidenschaftlicher Sportler kam ich dort mit der Welt der Spitzensportler in Ber\u00fchrung, insbesondere mit dem <a href=\"https:\/\/fr.wikipedia.org\/wiki\/Ultra-Trail_du_Mont-Blanc\" target=\"_blank\" rel=\"noreferrer noopener\">Ultratratrail der Tour du Mont Blanc<\/a>, der <a href=\"https:\/\/fr.wikipedia.org\/wiki\/Patrouille_des_glaciers\" target=\"_blank\" rel=\"noreferrer noopener\">Patrouille des glaciers<\/a> sowie anderen alpinen und volkst\u00fcmlichen Expeditionen.<\/p>\n\n<p>Parallel dazu habe ich meine Leidenschaft f\u00fcr die Welt des Meeres weiter gepflegt, insbesondere bei den Skippern der <a href=\"https:\/\/www.vendeeglobe.org\/\" target=\"_blank\" rel=\"noreferrer noopener\">Vend\u00e9e Globe Challenge<\/a> (Das Rennen um die Welt unter Segeln, allein und ohne Zwischenstopps).<\/p>\n\n<p>Als ich mit all diesen au\u00dfergew\u00f6hnlichen Athleten \u00fcber ihre Methoden der k\u00f6rperlichen Vorbereitung, ihre Ern\u00e4hrung und ihre Bed\u00fcrfnisse w\u00e4hrend und nach dem Sport sprach, entstand in mir die Idee, einen optimalen Jerky zu kreieren.<\/p>\n\n<p>Drei Jahre Arbeit, Tests, Verfeinerungen und Feinabstimmungen waren n\u00f6tig, um &#8211; man muss es so sagen &#8211; das Rezept f\u00fcr Jerky v\u00f6llig neu zu erfinden.<\/p>\n\n<p>Das Ergebnis dieser Arbeit: Das Rindfleisch &#8222;Label Suisse Garantie&#8220;, das von Natur aus den h\u00f6chsten Proteingehalt aufweist, wird ausgew\u00e4hlt. Es wird zugerichtet, sehr, sehr fein geschnitten, um es maximal zu entfetten, gew\u00fcrzt und dann geformt\/gepresst, um es in St\u00e4bchen zu formen.<\/p>\n\n<p>Danach folgt die Trocknung in Vionnaz in den Alpen unter kontrollierten Temperatur- und Feuchtigkeitsbedingungen.<\/p>\n\n<p>Proteine und Eisengehalt sind ebenfalls intensiv untersucht worden, um sie w\u00e4hrend des Arbeits- und Trocknungsprozesses zu konservieren.<\/p>\n\n<h4 class=\"wp-block-heading has-text-align-left\">Der Swiss Jerky ist geboren:<\/h4>\n\n<ul class=\"wp-block-list\">\n<li><strong>Ohne Konservierungsmittel<\/strong><\/li>\n\n\n\n<li><strong>Ohne Geschmacksverst\u00e4rker<\/strong>.<\/li>\n\n\n\n<li><strong>Ohne raffinierten Zucker<\/strong>.<\/li>\n\n\n\n<li><strong>Mit 5 nat\u00fcrlichen Zutaten: Schweizer Rindfleisch Label Suisse Garantie, Honig aus Vionnaz (Wallis), BIO-Kr\u00e4uter aus dem Grand Saint Bernard (Wallis), Alpensalz (Waadt), Gew\u00fcrze.<\/strong>.<\/li>\n\n\n\n<li><strong>Herstellungsverfahren, das eine sehr lange Haltbarkeit erm\u00f6glicht<\/strong>.<\/li>\n<\/ul>\n\n<p class=\"has-text-align-left\">Energetisch Ihr,<\/p>\n\n<p class=\"has-text-align-left\">Philippe Baratte<\/p>\n\n<figure class=\"wp-block-image size-large\"><img loading=\"lazy\" decoding=\"async\" width=\"1024\" height=\"683\" src=\"https:\/\/swissjerky.com\/wp-content\/uploads\/2020\/10\/proteine-vendee-1024x683.jpg\" alt=\"\" class=\"wp-image-29066\" srcset=\"https:\/\/swissjerky.com\/wp-content\/uploads\/2020\/10\/proteine-vendee-1024x683.jpg 1024w, https:\/\/swissjerky.com\/wp-content\/uploads\/2020\/10\/proteine-vendee-600x400.jpg 600w, https:\/\/swissjerky.com\/wp-content\/uploads\/2020\/10\/proteine-vendee-300x200.jpg 300w, https:\/\/swissjerky.com\/wp-content\/uploads\/2020\/10\/proteine-vendee-768x512.jpg 768w, https:\/\/swissjerky.com\/wp-content\/uploads\/2020\/10\/proteine-vendee.jpg 1500w\" sizes=\"auto, (max-width: 1024px) 100vw, 1024px\" \/><\/figure>\n","protected":false},"excerpt":{"rendered":"<p>Ich stamme aus einer seit 1910 etablierten Familie von Fachleuten aus der Gastronomie und der Wurstherstellung. Nach einer Weltreise auf den Meeren als Koch lie\u00df ich mich aufgrund meiner Leidenschaft f\u00fcr die Berge in den Schweizer Alpen nieder. Ich habe in Champex-Lac eine Fabrik f\u00fcr Trockenprodukte und ein Hotel er\u00f6ffnet -Restaurant. Als leidenschaftlicher Sportler kam [&hellip;]<\/p>\n","protected":false},"author":116,"featured_media":0,"parent":0,"menu_order":0,"comment_status":"closed","ping_status":"closed","template":"","meta":{"_uag_custom_page_level_css":"","site-sidebar-layout":"no-sidebar","site-content-layout":"plain-container","ast-site-content-layout":"normal-width-container","site-content-style":"unboxed","site-sidebar-style":"unboxed","ast-global-header-display":"","ast-banner-title-visibility":"","ast-main-header-display":"","ast-hfb-above-header-display":"","ast-hfb-below-header-display":"","ast-hfb-mobile-header-display":"","site-post-title":"","ast-breadcrumbs-content":"","ast-featured-img":"disabled","footer-sml-layout":"","ast-disable-related-posts":"","theme-transparent-header-meta":"enabled","adv-header-id-meta":"","stick-header-meta":"","header-above-stick-meta":"","header-main-stick-meta":"","header-below-stick-meta":"","astra-migrate-meta-layouts":"default","ast-page-background-enabled":"default","ast-page-background-meta":{"desktop":{"background-color":"var(--ast-global-color-4)","background-image":"","background-repeat":"repeat","background-position":"center center","background-size":"auto","background-attachment":"scroll","background-type":"","background-media":"","overlay-type":"","overlay-color":"","overlay-opacity":"","overlay-gradient":""},"tablet":{"background-color":"","background-image":"","background-repeat":"repeat","background-position":"center center","background-size":"auto","background-attachment":"scroll","background-type":"","background-media":"","overlay-type":"","overlay-color":"","overlay-opacity":"","overlay-gradient":""},"mobile":{"background-color":"","background-image":"","background-repeat":"repeat","background-position":"center center","background-size":"auto","background-attachment":"scroll","background-type":"","background-media":"","overlay-type":"","overlay-color":"","overlay-opacity":"","overlay-gradient":""}},"ast-content-background-meta":{"desktop":{"background-color":"var(--ast-global-color-5)","background-image":"","background-repeat":"repeat","background-position":"center center","background-size":"auto","background-attachment":"scroll","background-type":"","background-media":"","overlay-type":"","overlay-color":"","overlay-opacity":"","overlay-gradient":""},"tablet":{"background-color":"var(--ast-global-color-5)","background-image":"","background-repeat":"repeat","background-position":"center center","background-size":"auto","background-attachment":"scroll","background-type":"","background-media":"","overlay-type":"","overlay-color":"","overlay-opacity":"","overlay-gradient":""},"mobile":{"background-color":"var(--ast-global-color-5)","background-image":"","background-repeat":"repeat","background-position":"center center","background-size":"auto","background-attachment":"scroll","background-type":"","background-media":"","overlay-type":"","overlay-color":"","overlay-opacity":"","overlay-gradient":""}},"footnotes":""},"class_list":["post-29216","page","type-page","status-publish","hentry"],"yoast_head":"<!-- This site is optimized with the Yoast SEO plugin v26.8 - https:\/\/yoast.com\/product\/yoast-seo-wordpress\/ -->\n<title>Swiss Jerky I Familie | Leidenschaft &amp; Tradition<\/title>\n<meta name=\"description\" content=\"Entdecken Sie die Familiengeschichte hinter Swiss Jerky, eine Leidenschaft, die von Generation zu Generation weitergegeben wird. Das Herz unseres Beef Jerky liegt in unserem Erbe.sion &amp; Tradition\" \/>\n<meta name=\"robots\" content=\"index, follow, max-snippet:-1, max-image-preview:large, max-video-preview:-1\" \/>\n<link rel=\"canonical\" href=\"https:\/\/swissjerky.com\/de\/une-histoire-de-famille-et-de-passions\/\" \/>\n<meta property=\"og:locale\" content=\"de_DE\" \/>\n<meta property=\"og:type\" content=\"article\" \/>\n<meta property=\"og:title\" content=\"Swiss Jerky I Familie | Leidenschaft &amp; Tradition\" \/>\n<meta property=\"og:description\" content=\"Entdecken Sie die Familiengeschichte hinter Swiss Jerky, eine Leidenschaft, die von Generation zu Generation weitergegeben wird. Das Herz unseres Beef Jerky liegt in unserem Erbe.sion &amp; Tradition\" \/>\n<meta property=\"og:url\" content=\"https:\/\/swissjerky.com\/de\/une-histoire-de-famille-et-de-passions\/\" \/>\n<meta property=\"og:site_name\" content=\"Swiss Jerky\" \/>\n<meta property=\"article:publisher\" content=\"https:\/\/www.facebook.com\/agitateurdesaveurs\" \/>\n<meta property=\"article:modified_time\" content=\"2024-06-12T19:47:14+00:00\" \/>\n<meta property=\"og:image\" content=\"https:\/\/www.swissjerky.com\/wp-content\/uploads\/2020\/10\/proteine-vendee-1024x683.jpg\" \/>\n<meta name=\"twitter:card\" content=\"summary_large_image\" \/>\n<meta name=\"twitter:label1\" content=\"Gesch\u00e4tzte Lesezeit\" \/>\n\t<meta name=\"twitter:data1\" content=\"2\u00a0Minuten\" \/>\n<script type=\"application\/ld+json\" class=\"yoast-schema-graph\">{\"@context\":\"https:\/\/schema.org\",\"@graph\":[{\"@type\":\"WebPage\",\"@id\":\"https:\/\/swissjerky.com\/de\/une-histoire-de-famille-et-de-passions\/\",\"url\":\"https:\/\/swissjerky.com\/de\/une-histoire-de-famille-et-de-passions\/\",\"name\":\"Swiss Jerky I Familie | Leidenschaft & Tradition\",\"isPartOf\":{\"@id\":\"https:\/\/swissjerky.com\/de\/#website\"},\"primaryImageOfPage\":{\"@id\":\"https:\/\/swissjerky.com\/de\/une-histoire-de-famille-et-de-passions\/#primaryimage\"},\"image\":{\"@id\":\"https:\/\/swissjerky.com\/de\/une-histoire-de-famille-et-de-passions\/#primaryimage\"},\"thumbnailUrl\":\"https:\/\/swissjerky.com\/wp-content\/uploads\/2020\/10\/proteine-vendee-1024x683.jpg\",\"datePublished\":\"2020-10-26T07:43:02+00:00\",\"dateModified\":\"2024-06-12T19:47:14+00:00\",\"description\":\"Entdecken Sie die Familiengeschichte hinter Swiss Jerky, eine Leidenschaft, die von Generation zu Generation weitergegeben wird. Das Herz unseres Beef Jerky liegt in unserem Erbe.sion & Tradition\",\"breadcrumb\":{\"@id\":\"https:\/\/swissjerky.com\/de\/une-histoire-de-famille-et-de-passions\/#breadcrumb\"},\"inLanguage\":\"de\",\"potentialAction\":[{\"@type\":\"ReadAction\",\"target\":[\"https:\/\/swissjerky.com\/de\/une-histoire-de-famille-et-de-passions\/\"]}]},{\"@type\":\"ImageObject\",\"inLanguage\":\"de\",\"@id\":\"https:\/\/swissjerky.com\/de\/une-histoire-de-famille-et-de-passions\/#primaryimage\",\"url\":\"https:\/\/swissjerky.com\/wp-content\/uploads\/2020\/10\/proteine-vendee-1024x683.jpg\",\"contentUrl\":\"https:\/\/swissjerky.com\/wp-content\/uploads\/2020\/10\/proteine-vendee-1024x683.jpg\"},{\"@type\":\"BreadcrumbList\",\"@id\":\"https:\/\/swissjerky.com\/de\/une-histoire-de-famille-et-de-passions\/#breadcrumb\",\"itemListElement\":[{\"@type\":\"ListItem\",\"position\":1,\"name\":\"Home\",\"item\":\"https:\/\/swissjerky.com\/de\/\"},{\"@type\":\"ListItem\",\"position\":2,\"name\":\"Eine Geschichte von Familie und von Leidenschaften\"}]},{\"@type\":\"WebSite\",\"@id\":\"https:\/\/swissjerky.com\/de\/#website\",\"url\":\"https:\/\/swissjerky.com\/de\/\",\"name\":\"Swiss Jerky\",\"description\":\"Le plus sain de tous les beef jerky\",\"publisher\":{\"@id\":\"https:\/\/swissjerky.com\/de\/#organization\"},\"potentialAction\":[{\"@type\":\"SearchAction\",\"target\":{\"@type\":\"EntryPoint\",\"urlTemplate\":\"https:\/\/swissjerky.com\/de\/?s={search_term_string}\"},\"query-input\":{\"@type\":\"PropertyValueSpecification\",\"valueRequired\":true,\"valueName\":\"search_term_string\"}}],\"inLanguage\":\"de\"},{\"@type\":\"Organization\",\"@id\":\"https:\/\/swissjerky.com\/de\/#organization\",\"name\":\"Swiss Jerky\",\"url\":\"https:\/\/swissjerky.com\/de\/\",\"logo\":{\"@type\":\"ImageObject\",\"inLanguage\":\"de\",\"@id\":\"https:\/\/swissjerky.com\/de\/#\/schema\/logo\/image\/\",\"url\":\"https:\/\/swissjerky.com\/wp-content\/uploads\/2024\/03\/swiss-alps-jerky-300x91-1.png\",\"contentUrl\":\"https:\/\/swissjerky.com\/wp-content\/uploads\/2024\/03\/swiss-alps-jerky-300x91-1.png\",\"width\":300,\"height\":91,\"caption\":\"Swiss Jerky\"},\"image\":{\"@id\":\"https:\/\/swissjerky.com\/de\/#\/schema\/logo\/image\/\"},\"sameAs\":[\"https:\/\/www.facebook.com\/agitateurdesaveurs\"]}]}<\/script>\n<!-- \/ Yoast SEO plugin. -->","yoast_head_json":{"title":"Swiss Jerky I Familie | Leidenschaft & Tradition","description":"Entdecken Sie die Familiengeschichte hinter Swiss Jerky, eine Leidenschaft, die von Generation zu Generation weitergegeben wird. Das Herz unseres Beef Jerky liegt in unserem Erbe.sion & Tradition","robots":{"index":"index","follow":"follow","max-snippet":"max-snippet:-1","max-image-preview":"max-image-preview:large","max-video-preview":"max-video-preview:-1"},"canonical":"https:\/\/swissjerky.com\/de\/une-histoire-de-famille-et-de-passions\/","og_locale":"de_DE","og_type":"article","og_title":"Swiss Jerky I Familie | Leidenschaft & Tradition","og_description":"Entdecken Sie die Familiengeschichte hinter Swiss Jerky, eine Leidenschaft, die von Generation zu Generation weitergegeben wird. Das Herz unseres Beef Jerky liegt in unserem Erbe.sion & Tradition","og_url":"https:\/\/swissjerky.com\/de\/une-histoire-de-famille-et-de-passions\/","og_site_name":"Swiss Jerky","article_publisher":"https:\/\/www.facebook.com\/agitateurdesaveurs","article_modified_time":"2024-06-12T19:47:14+00:00","og_image":[{"url":"https:\/\/www.swissjerky.com\/wp-content\/uploads\/2020\/10\/proteine-vendee-1024x683.jpg","type":"","width":"","height":""}],"twitter_card":"summary_large_image","twitter_misc":{"Gesch\u00e4tzte Lesezeit":"2\u00a0Minuten"},"schema":{"@context":"https:\/\/schema.org","@graph":[{"@type":"WebPage","@id":"https:\/\/swissjerky.com\/de\/une-histoire-de-famille-et-de-passions\/","url":"https:\/\/swissjerky.com\/de\/une-histoire-de-famille-et-de-passions\/","name":"Swiss Jerky I Familie | Leidenschaft & Tradition","isPartOf":{"@id":"https:\/\/swissjerky.com\/de\/#website"},"primaryImageOfPage":{"@id":"https:\/\/swissjerky.com\/de\/une-histoire-de-famille-et-de-passions\/#primaryimage"},"image":{"@id":"https:\/\/swissjerky.com\/de\/une-histoire-de-famille-et-de-passions\/#primaryimage"},"thumbnailUrl":"https:\/\/swissjerky.com\/wp-content\/uploads\/2020\/10\/proteine-vendee-1024x683.jpg","datePublished":"2020-10-26T07:43:02+00:00","dateModified":"2024-06-12T19:47:14+00:00","description":"Entdecken Sie die Familiengeschichte hinter Swiss Jerky, eine Leidenschaft, die von Generation zu Generation weitergegeben wird. Das Herz unseres Beef Jerky liegt in unserem Erbe.sion & Tradition","breadcrumb":{"@id":"https:\/\/swissjerky.com\/de\/une-histoire-de-famille-et-de-passions\/#breadcrumb"},"inLanguage":"de","potentialAction":[{"@type":"ReadAction","target":["https:\/\/swissjerky.com\/de\/une-histoire-de-famille-et-de-passions\/"]}]},{"@type":"ImageObject","inLanguage":"de","@id":"https:\/\/swissjerky.com\/de\/une-histoire-de-famille-et-de-passions\/#primaryimage","url":"https:\/\/swissjerky.com\/wp-content\/uploads\/2020\/10\/proteine-vendee-1024x683.jpg","contentUrl":"https:\/\/swissjerky.com\/wp-content\/uploads\/2020\/10\/proteine-vendee-1024x683.jpg"},{"@type":"BreadcrumbList","@id":"https:\/\/swissjerky.com\/de\/une-histoire-de-famille-et-de-passions\/#breadcrumb","itemListElement":[{"@type":"ListItem","position":1,"name":"Home","item":"https:\/\/swissjerky.com\/de\/"},{"@type":"ListItem","position":2,"name":"Eine Geschichte von Familie und von Leidenschaften"}]},{"@type":"WebSite","@id":"https:\/\/swissjerky.com\/de\/#website","url":"https:\/\/swissjerky.com\/de\/","name":"Swiss Jerky","description":"Le plus sain de tous les beef jerky","publisher":{"@id":"https:\/\/swissjerky.com\/de\/#organization"},"potentialAction":[{"@type":"SearchAction","target":{"@type":"EntryPoint","urlTemplate":"https:\/\/swissjerky.com\/de\/?s={search_term_string}"},"query-input":{"@type":"PropertyValueSpecification","valueRequired":true,"valueName":"search_term_string"}}],"inLanguage":"de"},{"@type":"Organization","@id":"https:\/\/swissjerky.com\/de\/#organization","name":"Swiss Jerky","url":"https:\/\/swissjerky.com\/de\/","logo":{"@type":"ImageObject","inLanguage":"de","@id":"https:\/\/swissjerky.com\/de\/#\/schema\/logo\/image\/","url":"https:\/\/swissjerky.com\/wp-content\/uploads\/2024\/03\/swiss-alps-jerky-300x91-1.png","contentUrl":"https:\/\/swissjerky.com\/wp-content\/uploads\/2024\/03\/swiss-alps-jerky-300x91-1.png","width":300,"height":91,"caption":"Swiss Jerky"},"image":{"@id":"https:\/\/swissjerky.com\/de\/#\/schema\/logo\/image\/"},"sameAs":["https:\/\/www.facebook.com\/agitateurdesaveurs"]}]}},"uagb_featured_image_src":{"full":false,"thumbnail":false,"medium":false,"medium_large":false,"large":false,"1536x1536":false,"2048x2048":false,"woocommerce_thumbnail":false,"woocommerce_single":false,"woocommerce_gallery_thumbnail":false},"uagb_author_info":{"display_name":"Philippe Baratte","author_link":"https:\/\/swissjerky.com\/de\/author\/ph-baratte\/"},"uagb_comment_info":0,"uagb_excerpt":"Ich stamme aus einer seit 1910 etablierten Familie von Fachleuten aus der Gastronomie und der Wurstherstellung. Nach einer Weltreise auf den Meeren als Koch lie\u00df ich mich aufgrund meiner Leidenschaft f\u00fcr die Berge in den Schweizer Alpen nieder. Ich habe in Champex-Lac eine Fabrik f\u00fcr Trockenprodukte und ein Hotel er\u00f6ffnet -Restaurant. Als leidenschaftlicher Sportler kam&hellip;","_links":{"self":[{"href":"https:\/\/swissjerky.com\/de\/wp-json\/wp\/v2\/pages\/29216","targetHints":{"allow":["GET"]}}],"collection":[{"href":"https:\/\/swissjerky.com\/de\/wp-json\/wp\/v2\/pages"}],"about":[{"href":"https:\/\/swissjerky.com\/de\/wp-json\/wp\/v2\/types\/page"}],"author":[{"embeddable":true,"href":"https:\/\/swissjerky.com\/de\/wp-json\/wp\/v2\/users\/116"}],"replies":[{"embeddable":true,"href":"https:\/\/swissjerky.com\/de\/wp-json\/wp\/v2\/comments?post=29216"}],"version-history":[{"count":5,"href":"https:\/\/swissjerky.com\/de\/wp-json\/wp\/v2\/pages\/29216\/revisions"}],"predecessor-version":[{"id":33545,"href":"https:\/\/swissjerky.com\/de\/wp-json\/wp\/v2\/pages\/29216\/revisions\/33545"}],"wp:attachment":[{"href":"https:\/\/swissjerky.com\/de\/wp-json\/wp\/v2\/media?parent=29216"}],"curies":[{"name":"wp","href":"https:\/\/api.w.org\/{rel}","templated":true}]}}